{"id":4698,"date":"2025-12-02T18:03:29","date_gmt":"2025-12-02T17:03:29","guid":{"rendered":"https:\/\/www.be.life\/einzigartige-ereignisse\/"},"modified":"2026-03-16T12:44:47","modified_gmt":"2026-03-16T11:44:47","slug":"einzigartige-ereignisse","status":"publish","type":"page","link":"https:\/\/www.be.life\/de\/einzigartige-ereignisse\/","title":{"rendered":"Einzigartige Ereignisse"},"content":{"rendered":"\t\t<div data-elementor-type=\"wp-page\" data-elementor-id=\"4698\" class=\"elementor elementor-4698 elementor-3582\" data-elementor-post-type=\"page\">\n\t\t\t\t<div class=\"elementor-element elementor-element-90f9c02 e-flex e-con-boxed e-con e-parent\" data-id=\"90f9c02\" data-element_type=\"container\" data-e-type=\"container\" data-settings=\"{&quot;background_background&quot;:&quot;classic&quot;}\">\n\t\t\t\t\t<div class=\"e-con-inner\">\n\t\t<div class=\"elementor-element elementor-element-453ce04 e-flex e-con-boxed e-con e-child\" data-id=\"453ce04\" data-element_type=\"container\" data-e-type=\"container\">\n\t\t\t\t\t<div class=\"e-con-inner\">\n\t\t<div class=\"elementor-element elementor-element-fe3d545 e-flex e-con-boxed e-con e-child\" data-id=\"fe3d545\" data-element_type=\"container\" data-e-type=\"container\">\n\t\t\t\t\t<div class=\"e-con-inner\">\n\t\t\t\t<div class=\"elementor-element elementor-element-aa6ce22 elementor-widget elementor-widget-heading\" data-id=\"aa6ce22\" data-element_type=\"widget\" data-e-type=\"widget\" data-widget_type=\"heading.default\">\n\t\t\t\t\t<div class=\"elementor-heading-title elementor-size-default\">Einzigartige Veranstaltungen in Z\u00fcrich<\/div>\t\t\t\t<\/div>\n\t\t\t\t<div class=\"elementor-element elementor-element-04f248a elementor-widget elementor-widget-heading\" data-id=\"04f248a\" data-element_type=\"widget\" data-e-type=\"widget\" data-widget_type=\"heading.default\">\n\t\t\t\t\t<h1 class=\"elementor-heading-title elementor-size-default\">Einzigartige Veranstaltungen im Be: Sound Space<\/h1>\t\t\t\t<\/div>\n\t\t\t\t<div class=\"elementor-element elementor-element-d0b458f elementor-widget elementor-widget-text-editor\" data-id=\"d0b458f\" data-element_type=\"widget\" data-e-type=\"widget\" data-widget_type=\"text-editor.default\">\n\t\t\t\t\t\t\t\t\t<p>Entdecken Sie unsere einzigartigen Veranstaltungen mit internationalen Gastpraktikern und unseren hauseigenen Praktikern, die alle das Element des Klangs kombinieren.  <\/p>\t\t\t\t\t\t\t\t<\/div>\n\t\t<div class=\"elementor-element elementor-element-6ab9eae e-flex e-con-boxed e-con e-child\" data-id=\"6ab9eae\" data-element_type=\"container\" data-e-type=\"container\">\n\t\t\t\t\t<div class=\"e-con-inner\">\n\t\t\t\t<div class=\"elementor-element elementor-element-9536166 elementor-align-left elementor-button-success elementor-widget elementor-widget-button\" data-id=\"9536166\" data-element_type=\"widget\" data-e-type=\"widget\" data-widget_type=\"button.default\">\n\t\t\t\t\t\t\t\t\t\t<a class=\"elementor-button elementor-button-link elementor-size-md\" href=\"#book\">\n\t\t\t\t\t\t<span class=\"elementor-button-content-wrapper\">\n\t\t\t\t\t\t\t\t\t<span class=\"elementor-button-text\">Reservieren Sie Ihren Platz<\/span>\n\t\t\t\t\t<\/span>\n\t\t\t\t\t<\/a>\n\t\t\t\t\t\t\t\t<\/div>\n\t\t\t\t\t<\/div>\n\t\t\t\t<\/div>\n\t\t\t\t\t<\/div>\n\t\t\t\t<\/div>\n\t\t\t\t\t<\/div>\n\t\t\t\t<\/div>\n\t\t\t\t\t<\/div>\n\t\t\t\t<\/div>\n\t\t<div class=\"elementor-element elementor-element-e395623 e-flex e-con-boxed e-con e-parent\" data-id=\"e395623\" data-element_type=\"container\" data-e-type=\"container\" id=\"book\" data-settings=\"{&quot;background_background&quot;:&quot;classic&quot;}\">\n\t\t\t\t\t<div class=\"e-con-inner\">\n\t\t\t\t<div class=\"elementor-element elementor-element-b4111a8 elementor-widget elementor-widget-heading\" data-id=\"b4111a8\" data-element_type=\"widget\" data-e-type=\"widget\" data-widget_type=\"heading.default\">\n\t\t\t\t\t<h2 class=\"elementor-heading-title elementor-size-default\">Kommende einmalige Ereignisse<\/h2>\t\t\t\t<\/div>\n\t\t<div class=\"elementor-element elementor-element-dbf6203 e-con-full e-flex e-con e-child\" data-id=\"dbf6203\" data-element_type=\"container\" data-e-type=\"container\">\n\t\t<div class=\"elementor-element elementor-element-bf1675b e-flex e-con-boxed e-con e-child\" data-id=\"bf1675b\" data-element_type=\"container\" data-e-type=\"container\" data-settings=\"{&quot;background_background&quot;:&quot;classic&quot;}\">\n\t\t\t\t\t<div class=\"e-con-inner\">\n\t\t\t\t<div class=\"elementor-element elementor-element-9d934f8 elementor-widget elementor-widget-heading\" data-id=\"9d934f8\" data-element_type=\"widget\" data-e-type=\"widget\" data-widget_type=\"heading.default\">\n\t\t\t\t\t<h3 class=\"elementor-heading-title elementor-size-default\">Das Feld kl\u00e4ren: Yin, Atem, Klang mit Diana Schoepplein<\/h3>\t\t\t\t<\/div>\n\t\t\t\t<div class=\"elementor-element elementor-element-87dfe95 elementor-widget elementor-widget-text-editor\" data-id=\"87dfe95\" data-element_type=\"widget\" data-e-type=\"widget\" data-widget_type=\"text-editor.default\">\n\t\t\t\t\t\t\t\t\t<p>Mittwoch, 22. April 18:30 &#8211; 20:30<\/p><p><span style=\"font-family: -apple-system, BlinkMacSystemFont, 'Segoe UI', Roboto, 'Helvetica Neue', Arial, 'Noto Sans', sans-serif, 'Apple Color Emoji', 'Segoe UI Emoji', 'Segoe UI Symbol', 'Noto Color Emoji';\">Der Fr\u00fchling l\u00e4dt zu Bewegung, Fluss und Erneuerung ein.<\/span><\/p><p>Es ist ein nat\u00fcrlicher Zeitpunkt, um zu kl\u00e4ren, was stagniert hat, nicht nur im K\u00f6rper, sondern auch im Geist und im energetischen Feld.<\/p><p>Clearing the Field ist eine zeremonielle Erfahrung, die dazu dient, festgefahrene Energie freizusetzen und Klarheit auf allen Ebenen wiederherzustellen. Durch langsames, erdendes Yin Yoga, bewusste Atemarbeit zur energetischen Reinigung und eine tief eindringende Klangreise schaffen wir Raum f\u00fcr Entgiftung, Regulierung und neuen Fluss. <\/p><p>Der Atem wird als Werkzeug zur Kl\u00e4rung verwendet und unterst\u00fctzt sanft das Loslassen gespeicherter Spannungen, mentaler Nebel und emotionaler R\u00fcckst\u00e4nde. Die Yin-Stellungen helfen dem K\u00f6rper, sich zu erweichen und zu \u00f6ffnen, w\u00e4hrend der Klang alles miteinander verwebt und das Nervensystem zu Koh\u00e4renz und tiefer Integration f\u00fchrt. <\/p><p>Bei diesem Ritual geht es nicht darum, zu dr\u00e4ngen oder mit Gewalt zu reinigen.<br>Es geht darum, Klarheit durch Pr\u00e4senz, Rhythmus und Ruhe entstehen zu lassen.<\/p><p>\u2e3b<\/p><p>DIESES RITUAL IST F\u00dcR SIE, WENN:<\/p><p>&#8211; Sie f\u00fchlen sich energetisch schwer oder geistig \u00fcberladen<br>&#8211; Sie m\u00f6chten stagnierende Energie kl\u00e4ren, ohne sich zu \u00fcberw\u00e4ltigen<br>&#8211; Sie sehnen sich nach Fokus, Leichtigkeit und innerem Fluss<br>&#8211; Sie sind bereit, sich sanft und bewusst zur\u00fcckzusetzen<\/p><p>Keine Vorkenntnisse erforderlich.<br>Kommen Sie so, wie Sie sind.<br>Verlassen Sie die Sitzung mit einem Gef\u00fchl der Klarheit, Erdung und Weite.<\/p>\t\t\t\t\t\t\t\t<\/div>\n\t\t\t\t\t<\/div>\n\t\t\t\t<\/div>\n\t\t\t\t<\/div>\n\t\t\t\t<div class=\"elementor-element elementor-element-654e313 elementor-widget elementor-widget-html\" data-id=\"654e313\" data-element_type=\"widget\" data-e-type=\"widget\" data-widget_type=\"html.default\">\n\t\t\t\t\t<script id=\"insert-bsport-widget-cdn\">!function (b, s, p, o, r, t) { typeof window.BsportWidget === \"undefined\" && !document.getElementById(\"bsport-widget-cdn\") && !function () { m = b.createElement(s), m.id = \"bsport-widget-cdn\", m.src = p, b.getElementsByTagName(\"head\")[0].appendChild(m) }() }(document, \"script\", \"https:\/\/cdn.bsport.io\/scripts\/widget.js\")<\/script>\n    <script id=\"bsport-widget-mount\">\n        function MountBsportWidget(config, repeat=1) {\n            if (repeat > 50) { return }\n            if (!window.BsportWidget) {\n                return setTimeout(() => {\n                    MountBsportWidget(config,repeat+1)\n                }, 100 * repeat || 1)\n            }\n            BsportWidget.mount(config)\n        }\n    <\/script>\n    <script>\n        MountBsportWidget({\n                \"parentElement\": \"bsport-widget-983144\",\n                \"companyId\": 5129,\n                \"franchiseId\": null,\n                \"dialogMode\": 1,\n                \"widgetType\": \"workshop\", \n                \"showFab\": false,\n                \"fullScreenPopup\": false,\n                \"styles\":undefined,\n                \"config\": {\n                    \"workshop\": {                \"coaches\": [],\n                \"establishments\": [],\n                \"metaActivities\": [\n                    230198,\n                    230201,\n                    230203\n                ],\n                \"levels\": []}\n                }  \n            })\n    <\/script>\n<div id=\"bsport-widget-983144\"><\/div>\t\t\t\t<\/div>\n\t\t\t\t\t<\/div>\n\t\t\t\t<\/div>\n\t\t<div class=\"elementor-element elementor-element-28a3be4 e-flex e-con-boxed e-con e-parent\" data-id=\"28a3be4\" data-element_type=\"container\" data-e-type=\"container\">\n\t\t\t\t\t<div class=\"e-con-inner\">\n\t\t\t\t\t<\/div>\n\t\t\t\t<\/div>\n\t\t\t\t<\/div>\n\t\t","protected":false},"excerpt":{"rendered":"<p>Einzigartige Veranstaltungen in Z\u00fcrich Einzigartige Veranstaltungen im Be: Sound Space Entdecken Sie unsere einzigartigen Veranstaltungen mit internationalen Gastpraktikern und unseren hauseigenen Praktikern, die alle das Element des Klangs kombinieren. Reservieren [&hellip;]<\/p>\n","protected":false},"author":1,"featured_media":0,"parent":0,"menu_order":0,"comment_status":"closed","ping_status":"closed","template":"","meta":{"footnotes":""},"class_list":["post-4698","page","type-page","status-publish","hentry"],"_links":{"self":[{"href":"https:\/\/www.be.life\/de\/wp-json\/wp\/v2\/pages\/4698","targetHints":{"allow":["GET"]}}],"collection":[{"href":"https:\/\/www.be.life\/de\/wp-json\/wp\/v2\/pages"}],"about":[{"href":"https:\/\/www.be.life\/de\/wp-json\/wp\/v2\/types\/page"}],"author":[{"embeddable":true,"href":"https:\/\/www.be.life\/de\/wp-json\/wp\/v2\/users\/1"}],"replies":[{"embeddable":true,"href":"https:\/\/www.be.life\/de\/wp-json\/wp\/v2\/comments?post=4698"}],"version-history":[{"count":10,"href":"https:\/\/www.be.life\/de\/wp-json\/wp\/v2\/pages\/4698\/revisions"}],"predecessor-version":[{"id":4893,"href":"https:\/\/www.be.life\/de\/wp-json\/wp\/v2\/pages\/4698\/revisions\/4893"}],"wp:attachment":[{"href":"https:\/\/www.be.life\/de\/wp-json\/wp\/v2\/media?parent=4698"}],"curies":[{"name":"wp","href":"https:\/\/api.w.org\/{rel}","templated":true}]}}