{"id":4692,"date":"2025-10-21T15:13:22","date_gmt":"2025-10-21T13:13:22","guid":{"rendered":"https:\/\/www.be.life\/handpan-und-glockenplatten-zeremonie-gegen-spende\/"},"modified":"2026-01-07T11:17:15","modified_gmt":"2026-01-07T10:17:15","slug":"handpan-und-glockenplatten-zeremonie-gegen-spende","status":"publish","type":"page","link":"https:\/\/www.be.life\/de\/handpan-und-glockenplatten-zeremonie-gegen-spende\/","title":{"rendered":"Handpan und Glockenplatten Zeremonie &#8218;gegen Spende&#8216;"},"content":{"rendered":"\t\t<div data-elementor-type=\"wp-page\" data-elementor-id=\"4692\" class=\"elementor elementor-4692 elementor-2979\" data-elementor-post-type=\"page\">\n\t\t\t\t<div class=\"elementor-element elementor-element-bf5a253 e-flex e-con-boxed e-con e-parent\" data-id=\"bf5a253\" data-element_type=\"container\" data-e-type=\"container\" data-settings=\"{&quot;background_background&quot;:&quot;classic&quot;}\">\n\t\t\t\t\t<div class=\"e-con-inner\">\n\t\t<div class=\"elementor-element elementor-element-9cce38d e-flex e-con-boxed e-con e-child\" data-id=\"9cce38d\" data-element_type=\"container\" data-e-type=\"container\">\n\t\t\t\t\t<div class=\"e-con-inner\">\n\t\t<div class=\"elementor-element elementor-element-0c8b465 e-flex e-con-boxed e-con e-child\" data-id=\"0c8b465\" data-element_type=\"container\" data-e-type=\"container\">\n\t\t\t\t\t<div class=\"e-con-inner\">\n\t\t\t\t<div class=\"elementor-element elementor-element-8fcd7e3 elementor-widget elementor-widget-heading\" data-id=\"8fcd7e3\" data-element_type=\"widget\" data-e-type=\"widget\" data-widget_type=\"heading.default\">\n\t\t\t\t\t<div class=\"elementor-heading-title elementor-size-default\">Immersive Handpan-Klangmeditation<\/div>\t\t\t\t<\/div>\n\t\t\t\t<div class=\"elementor-element elementor-element-caa3ac9 elementor-widget elementor-widget-heading\" data-id=\"caa3ac9\" data-element_type=\"widget\" data-e-type=\"widget\" data-widget_type=\"heading.default\">\n\t\t\t\t\t<h1 class=\"elementor-heading-title elementor-size-default\">Handpan Zeremonie - gegen Spende<\/h1>\t\t\t\t<\/div>\n\t\t\t\t<div class=\"elementor-element elementor-element-4f09d21 elementor-widget elementor-widget-text-editor\" data-id=\"4f09d21\" data-element_type=\"widget\" data-e-type=\"widget\" data-widget_type=\"text-editor.default\">\n\t\t\t\t\t\t\t\t\t<p>Treten Sie ein in ein Heiligtum des Klangs, wo die Schwingungen der Handpan Sie in eine tiefe Pr\u00e4senz f\u00fchren und Ihr Nervensystem beruhigen. Diese Live-Handpan-Zeremonie ist ein meditatives Klangbad, in dem Sie tiefe Entspannung und sanfte Transformation erfahren. Keine musikalische oder meditative Erfahrung erforderlich, kommen Sie einfach mit einem offenen Herzen.<\/p>\t\t\t\t\t\t\t\t<\/div>\n\t\t\t\t<div class=\"elementor-element elementor-element-18caa13 elementor-icon-list--layout-traditional elementor-list-item-link-full_width elementor-widget elementor-widget-icon-list\" data-id=\"18caa13\" data-element_type=\"widget\" data-e-type=\"widget\" data-widget_type=\"icon-list.default\">\n\t\t\t\t\t\t\t<ul class=\"elementor-icon-list-items\">\n\t\t\t\t\t\t\t<li class=\"elementor-icon-list-item\">\n\t\t\t\t\t\t\t\t\t\t\t<span class=\"elementor-icon-list-icon\">\n\t\t\t\t\t\t\t<svg aria-hidden=\"true\" class=\"e-font-icon-svg e-fas-dot-circle\" viewBox=\"0 0 512 512\" xmlns=\"http:\/\/www.w3.org\/2000\/svg\"><path d=\"M256 8C119.033 8 8 119.033 8 256s111.033 248 248 248 248-111.033 248-248S392.967 8 256 8zm80 248c0 44.112-35.888 80-80 80s-80-35.888-80-80 35.888-80 80-80 80 35.888 80 80z\"><\/path><\/svg>\t\t\t\t\t\t<\/span>\n\t\t\t\t\t\t\t\t\t\t<span class=\"elementor-icon-list-text\">Live-Handpan-Klangbad f\u00fcr tiefe Entspannung<\/span>\n\t\t\t\t\t\t\t\t\t<\/li>\n\t\t\t\t\t\t\t\t<li class=\"elementor-icon-list-item\">\n\t\t\t\t\t\t\t\t\t\t\t<span class=\"elementor-icon-list-icon\">\n\t\t\t\t\t\t\t<svg aria-hidden=\"true\" class=\"e-font-icon-svg e-fas-dot-circle\" viewBox=\"0 0 512 512\" xmlns=\"http:\/\/www.w3.org\/2000\/svg\"><path d=\"M256 8C119.033 8 8 119.033 8 256s111.033 248 248 248 248-111.033 248-248S392.967 8 256 8zm80 248c0 44.112-35.888 80-80 80s-80-35.888-80-80 35.888-80 80-80 80 35.888 80 80z\"><\/path><\/svg>\t\t\t\t\t\t<\/span>\n\t\t\t\t\t\t\t\t\t\t<span class=\"elementor-icon-list-text\">Beruhigende Vibrationen, die das Nervensystem entspannen<\/span>\n\t\t\t\t\t\t\t\t\t<\/li>\n\t\t\t\t\t\t\t\t<li class=\"elementor-icon-list-item\">\n\t\t\t\t\t\t\t\t\t\t\t<span class=\"elementor-icon-list-icon\">\n\t\t\t\t\t\t\t<svg aria-hidden=\"true\" class=\"e-font-icon-svg e-fas-dot-circle\" viewBox=\"0 0 512 512\" xmlns=\"http:\/\/www.w3.org\/2000\/svg\"><path d=\"M256 8C119.033 8 8 119.033 8 256s111.033 248 248 248 248-111.033 248-248S392.967 8 256 8zm80 248c0 44.112-35.888 80-80 80s-80-35.888-80-80 35.888-80 80-80 80 35.888 80 80z\"><\/path><\/svg>\t\t\t\t\t\t<\/span>\n\t\t\t\t\t\t\t\t\t\t<span class=\"elementor-icon-list-text\">Offen f\u00fcr alle, gegen Spende<\/span>\n\t\t\t\t\t\t\t\t\t<\/li>\n\t\t\t\t\t\t<\/ul>\n\t\t\t\t\t\t<\/div>\n\t\t<div class=\"elementor-element elementor-element-b1ff41c e-flex e-con-boxed e-con e-child\" data-id=\"b1ff41c\" data-element_type=\"container\" data-e-type=\"container\">\n\t\t\t\t\t<div class=\"e-con-inner\">\n\t\t\t\t<div class=\"elementor-element elementor-element-a91bc80 elementor-align-left elementor-button-success elementor-widget elementor-widget-button\" data-id=\"a91bc80\" data-element_type=\"widget\" data-e-type=\"widget\" data-widget_type=\"button.default\">\n\t\t\t\t\t\t\t\t\t\t<a class=\"elementor-button elementor-button-link elementor-size-md\" href=\"#book\">\n\t\t\t\t\t\t<span class=\"elementor-button-content-wrapper\">\n\t\t\t\t\t\t\t\t\t<span class=\"elementor-button-text\">Reservieren Sie Ihren Platz f\u00fcr die Handpan-Zeremonie<\/span>\n\t\t\t\t\t<\/span>\n\t\t\t\t\t<\/a>\n\t\t\t\t\t\t\t\t<\/div>\n\t\t\t\t\t<\/div>\n\t\t\t\t<\/div>\n\t\t\t\t\t<\/div>\n\t\t\t\t<\/div>\n\t\t\t\t\t<\/div>\n\t\t\t\t<\/div>\n\t\t\t\t\t<\/div>\n\t\t\t\t<\/div>\n\t\t<div class=\"elementor-element elementor-element-6201f1c e-flex e-con-boxed e-con e-parent\" data-id=\"6201f1c\" data-element_type=\"container\" data-e-type=\"container\" data-settings=\"{&quot;background_background&quot;:&quot;classic&quot;}\">\n\t\t\t\t\t<div class=\"e-con-inner\">\n\t\t\t\t<div class=\"elementor-element elementor-element-3ada033 elementor-widget elementor-widget-heading\" data-id=\"3ada033\" data-element_type=\"widget\" data-e-type=\"widget\" data-widget_type=\"heading.default\">\n\t\t\t\t\t<h2 class=\"elementor-heading-title elementor-size-default\">Was ist die Handpan-Zeremonie?<\/h2>\t\t\t\t<\/div>\n\t\t\t\t<div class=\"elementor-element elementor-element-eee80f6 elementor-widget-divider--view-line elementor-widget elementor-widget-divider\" data-id=\"eee80f6\" data-element_type=\"widget\" data-e-type=\"widget\" data-widget_type=\"divider.default\">\n\t\t\t\t\t\t\t<div class=\"elementor-divider\">\n\t\t\t<span class=\"elementor-divider-separator\">\n\t\t\t\t\t\t<\/span>\n\t\t<\/div>\n\t\t\t\t\t\t<\/div>\n\t\t\t\t<div class=\"elementor-element elementor-element-c91d863 elementor-widget elementor-widget-text-editor\" data-id=\"c91d863\" data-element_type=\"widget\" data-e-type=\"widget\" data-widget_type=\"text-editor.default\">\n\t\t\t\t\t\t\t\t\t<p>Die Handpan-Zeremonie ist eine gef\u00fchrte Klangmeditation, bei der die kosmischen T\u00f6ne des Handpans Sie dazu einladen, langsamer zu werden, zu atmen und sich von der Musik getragen zu f\u00fchlen.<\/p><p>Die kugelf\u00f6rmige Form und die vielschichtigen Obert\u00f6ne der Handpan spiegeln die Harmonie des Universums wider und stimmen Ihren K\u00f6rper sanft auf beruhigende Frequenzen ein, die das Nervensystem beruhigen.<\/p>\t\t\t\t\t\t\t\t<\/div>\n\t\t\t\t\t<\/div>\n\t\t\t\t<\/div>\n\t\t<div class=\"elementor-element elementor-element-2a51e55 e-flex e-con-boxed e-con e-parent\" data-id=\"2a51e55\" data-element_type=\"container\" data-e-type=\"container\" data-settings=\"{&quot;background_background&quot;:&quot;classic&quot;}\">\n\t\t\t\t\t<div class=\"e-con-inner\">\n\t\t\t\t<div class=\"elementor-element elementor-element-db7d030 elementor-widget elementor-widget-heading\" data-id=\"db7d030\" data-element_type=\"widget\" data-e-type=\"widget\" data-widget_type=\"heading.default\">\n\t\t\t\t\t<h2 class=\"elementor-heading-title elementor-size-default\">Was erwartet Sie w\u00e4hrend der Zeremonie?<\/h2>\t\t\t\t<\/div>\n\t\t\t\t<div class=\"elementor-element elementor-element-67dc732 elementor-widget elementor-widget-text-editor\" data-id=\"67dc732\" data-element_type=\"widget\" data-e-type=\"widget\" data-widget_type=\"text-editor.default\">\n\t\t\t\t\t\t\t\t\t<p style=\"text-align: center;\">Jede Zeremonie wird f\u00fcr die Gruppe improvisiert. Dies sind die Texturen und Elemente, die Sie erleben k\u00f6nnen.<\/p>\t\t\t\t\t\t\t\t<\/div>\n\t\t<div class=\"elementor-element elementor-element-77d20b9 e-flex e-con-boxed e-con e-child\" data-id=\"77d20b9\" data-element_type=\"container\" data-e-type=\"container\">\n\t\t\t\t\t<div class=\"e-con-inner\">\n\t\t<div class=\"elementor-element elementor-element-d71d118 e-flex e-con-boxed e-con e-child\" data-id=\"d71d118\" data-element_type=\"container\" data-e-type=\"container\" data-settings=\"{&quot;background_background&quot;:&quot;classic&quot;}\">\n\t\t\t\t\t<div class=\"e-con-inner\">\n\t\t\t\t<div class=\"elementor-element elementor-element-a7033e0 elementor-widget elementor-widget-heading\" data-id=\"a7033e0\" data-element_type=\"widget\" data-e-type=\"widget\" data-widget_type=\"heading.default\">\n\t\t\t\t\t<h3 class=\"elementor-heading-title elementor-size-default\">Handpan Obert\u00f6ne<\/h3>\t\t\t\t<\/div>\n\t\t\t\t<div class=\"elementor-element elementor-element-18900cd elementor-widget elementor-widget-text-editor\" data-id=\"18900cd\" data-element_type=\"widget\" data-e-type=\"widget\" data-widget_type=\"text-editor.default\">\n\t\t\t\t\t\t\t\t\t<p>Vielschichtige Melodien und Obert\u00f6ne, die den K\u00f6rper durchdringen und zu tiefer Entspannung einladen.<\/p>\t\t\t\t\t\t\t\t<\/div>\n\t\t\t\t\t<\/div>\n\t\t\t\t<\/div>\n\t\t<div class=\"elementor-element elementor-element-416a87f e-flex e-con-boxed e-con e-child\" data-id=\"416a87f\" data-element_type=\"container\" data-e-type=\"container\" data-settings=\"{&quot;background_background&quot;:&quot;classic&quot;}\">\n\t\t\t\t\t<div class=\"e-con-inner\">\n\t\t\t\t<div class=\"elementor-element elementor-element-3744f6d elementor-widget elementor-widget-heading\" data-id=\"3744f6d\" data-element_type=\"widget\" data-e-type=\"widget\" data-widget_type=\"heading.default\">\n\t\t\t\t\t<h3 class=\"elementor-heading-title elementor-size-default\">Erdige Herzschlag-Rhythmen<\/h3>\t\t\t\t<\/div>\n\t\t\t\t<div class=\"elementor-element elementor-element-b191218 elementor-widget elementor-widget-text-editor\" data-id=\"b191218\" data-element_type=\"widget\" data-e-type=\"widget\" data-widget_type=\"text-editor.default\">\n\t\t\t\t\t\t\t\t\t<p>Sanfte Trommelimpulse und perkussive Ber\u00fchrungen, die Sie erden, w\u00e4hrend die Handpan singt.<\/p>\t\t\t\t\t\t\t\t<\/div>\n\t\t\t\t\t<\/div>\n\t\t\t\t<\/div>\n\t\t<div class=\"elementor-element elementor-element-553d4fa e-flex e-con-boxed e-con e-child\" data-id=\"553d4fa\" data-element_type=\"container\" data-e-type=\"container\" data-settings=\"{&quot;background_background&quot;:&quot;classic&quot;}\">\n\t\t\t\t\t<div class=\"e-con-inner\">\n\t\t\t\t<div class=\"elementor-element elementor-element-55dadf6 elementor-widget elementor-widget-heading\" data-id=\"55dadf6\" data-element_type=\"widget\" data-e-type=\"widget\" data-widget_type=\"heading.default\">\n\t\t\t\t\t<h3 class=\"elementor-heading-title elementor-size-default\">Glockenspiel &amp; Koshi-Glocken<\/h3>\t\t\t\t<\/div>\n\t\t\t\t<div class=\"elementor-element elementor-element-8a6dfb1 elementor-widget elementor-widget-text-editor\" data-id=\"8a6dfb1\" data-element_type=\"widget\" data-e-type=\"widget\" data-widget_type=\"text-editor.default\">\n\t\t\t\t\t\t\t\t\t<p>Zarte, hochfrequente Glockenspiele, die den geistigen Nebel aufl\u00f6sen und den Raum aufhellen.<\/p>\t\t\t\t\t\t\t\t<\/div>\n\t\t\t\t\t<\/div>\n\t\t\t\t<\/div>\n\t\t<div class=\"elementor-element elementor-element-2eb23fe e-flex e-con-boxed e-con e-child\" data-id=\"2eb23fe\" data-element_type=\"container\" data-e-type=\"container\" data-settings=\"{&quot;background_background&quot;:&quot;classic&quot;}\">\n\t\t\t\t\t<div class=\"e-con-inner\">\n\t\t\t\t<div class=\"elementor-element elementor-element-91516a6 elementor-widget elementor-widget-heading\" data-id=\"91516a6\" data-element_type=\"widget\" data-e-type=\"widget\" data-widget_type=\"heading.default\">\n\t\t\t\t\t<h3 class=\"elementor-heading-title elementor-size-default\">Klingelschilder<\/h3>\t\t\t\t<\/div>\n\t\t\t\t<div class=\"elementor-element elementor-element-e5a9f8b elementor-widget elementor-widget-text-editor\" data-id=\"e5a9f8b\" data-element_type=\"widget\" data-e-type=\"widget\" data-widget_type=\"text-editor.default\">\n\t\t\t\t\t\t\t\t\t<p>Harmonische Kl\u00e4nge von 432Hz russischen Glockenplatten.<\/p>\t\t\t\t\t\t\t\t<\/div>\n\t\t\t\t\t<\/div>\n\t\t\t\t<\/div>\n\t\t<div class=\"elementor-element elementor-element-ec34ff3 e-flex e-con-boxed e-con e-child\" data-id=\"ec34ff3\" data-element_type=\"container\" data-e-type=\"container\" data-settings=\"{&quot;background_background&quot;:&quot;classic&quot;}\">\n\t\t\t\t\t<div class=\"e-con-inner\">\n\t\t\t\t<div class=\"elementor-element elementor-element-f34365f elementor-widget elementor-widget-heading\" data-id=\"f34365f\" data-element_type=\"widget\" data-e-type=\"widget\" data-widget_type=\"heading.default\">\n\t\t\t\t\t<h3 class=\"elementor-heading-title elementor-size-default\">Ger\u00e4umige Pausen &amp; Stille<\/h3>\t\t\t\t<\/div>\n\t\t\t\t<div class=\"elementor-element elementor-element-1179d81 elementor-widget elementor-widget-text-editor\" data-id=\"1179d81\" data-element_type=\"widget\" data-e-type=\"widget\" data-widget_type=\"text-editor.default\">\n\t\t\t\t\t\t\t\t\t<p>Bewusst ruhige Momente, in denen sich die Schwingungen beruhigen und Ihre eigenen Einsichten zum Vorschein kommen.<\/p>\t\t\t\t\t\t\t\t<\/div>\n\t\t\t\t\t<\/div>\n\t\t\t\t<\/div>\n\t\t<div class=\"elementor-element elementor-element-e5b3e00 e-flex e-con-boxed e-con e-child\" data-id=\"e5b3e00\" data-element_type=\"container\" data-e-type=\"container\" data-settings=\"{&quot;background_background&quot;:&quot;classic&quot;}\">\n\t\t\t\t\t<div class=\"e-con-inner\">\n\t\t\t\t<div class=\"elementor-element elementor-element-ebad0c3 elementor-widget elementor-widget-heading\" data-id=\"ebad0c3\" data-element_type=\"widget\" data-e-type=\"widget\" data-widget_type=\"heading.default\">\n\t\t\t\t\t<h3 class=\"elementor-heading-title elementor-size-default\">Gef\u00fchrt von Haim Abergel<\/h3>\t\t\t\t<\/div>\n\t\t\t\t<div class=\"elementor-element elementor-element-3d97d55 elementor-widget elementor-widget-text-editor\" data-id=\"3d97d55\" data-element_type=\"widget\" data-e-type=\"widget\" data-widget_type=\"text-editor.default\">\n\t\t\t\t\t\t\t\t\t<p>Haim ist ein gef\u00fchlvoller Handpan-K\u00fcnstler und Moderator, dessen Spiel ein lebendiges Gespr\u00e4ch mit dem Raum ist. Er verbindet Rhythmus, Neugierde und Verbundenheit, um f\u00fcr jeden Gast ein sicheres, vom Herzen geleitetes Erlebnis zu schaffen.<\/p>\t\t\t\t\t\t\t\t<\/div>\n\t\t\t\t\t<\/div>\n\t\t\t\t<\/div>\n\t\t\t\t\t<\/div>\n\t\t\t\t<\/div>\n\t\t\t\t\t<\/div>\n\t\t\t\t<\/div>\n\t\t<div class=\"elementor-element elementor-element-7b3eaa2 e-flex e-con-boxed e-con e-parent\" data-id=\"7b3eaa2\" data-element_type=\"container\" data-e-type=\"container\" data-settings=\"{&quot;background_background&quot;:&quot;classic&quot;}\">\n\t\t\t\t\t<div class=\"e-con-inner\">\n\t\t\t\t<div class=\"elementor-element elementor-element-52bd58f elementor-widget elementor-widget-heading\" data-id=\"52bd58f\" data-element_type=\"widget\" data-e-type=\"widget\" data-widget_type=\"heading.default\">\n\t\t\t\t\t<h3 class=\"elementor-heading-title elementor-size-default\">Beitrag &amp; Termine: durch Spende<\/h3>\t\t\t\t<\/div>\n\t\t\t\t<div class=\"elementor-element elementor-element-bdbbe12 elementor-widget elementor-widget-text-editor\" data-id=\"bdbbe12\" data-element_type=\"widget\" data-e-type=\"widget\" data-widget_type=\"text-editor.default\">\n\t\t\t\t\t\t\t\t\t<p style=\"text-align: center;\">Diese Handpan-Zeremonie wird auf Spendenbasis angeboten. Ihr Beitrag unterst\u00fctzt den Raum und den Lehrer.<\/p>\t\t\t\t\t\t\t\t<\/div>\n\t\t\t\t\t<\/div>\n\t\t\t\t<\/div>\n\t\t<div class=\"elementor-element elementor-element-462b717 e-flex e-con-boxed e-con e-parent\" data-id=\"462b717\" data-element_type=\"container\" data-e-type=\"container\" id=\"book\" data-settings=\"{&quot;background_background&quot;:&quot;gradient&quot;}\">\n\t\t\t\t\t<div class=\"e-con-inner\">\n\t\t\t\t<div class=\"elementor-element elementor-element-166db7f elementor-widget elementor-widget-heading\" data-id=\"166db7f\" data-element_type=\"widget\" data-e-type=\"widget\" data-widget_type=\"heading.default\">\n\t\t\t\t\t<h2 class=\"elementor-heading-title elementor-size-default\">Sind Sie bereit, an der Handpan-Zeremonie teilzunehmen?<\/h2>\t\t\t\t<\/div>\n\t\t\t\t<div class=\"elementor-element elementor-element-f174bf4 elementor-widget elementor-widget-text-editor\" data-id=\"f174bf4\" data-element_type=\"widget\" data-e-type=\"widget\" data-widget_type=\"text-editor.default\">\n\t\t\t\t\t\t\t\t\t<p style=\"text-align:center;\">Buchen Sie Ihren Platz f\u00fcr die Handpan-Zeremonie und schenken Sie sich einen erholsamen Abend voller Klang und Stille.<\/p>\t\t\t\t\t\t\t\t<\/div>\n\t\t\t\t<div class=\"elementor-element elementor-element-d162307 elementor-widget elementor-widget-html\" data-id=\"d162307\" data-element_type=\"widget\" data-e-type=\"widget\" data-widget_type=\"html.default\">\n\t\t\t\t\t<script id=\"insert-bsport-widget-cdn\">!function (b, s, p, o, r, t) { !typeof window.BsportWidget !== \"undefined\" && !document.getElementById(\"bsport-widget-cdn\") && !function () { m = b.createElement(s), m.id = \"bsport-widget-cdn\", m.src = p, b.getElementsByTagName(\"head\")[0].appendChild(m) }() }(document, \"script\", \"https:\/\/cdn.bsport.io\/scripts\/widget.js\")<\/script>\n    <script id=\"bsport-widget-mount\">\n        function MountBsportWidget(config, repeat=1) {\n            if (repeat > 50) { return }\n            if (!window.BsportWidget) {\n                return setTimeout(() => {\n                    MountBsportWidget(config,repeat+1)\n                }, 100 * repeat || 1)\n            }\n            BsportWidget.mount(config)\n        }\n    <\/script>\n    <script>\n        MountBsportWidget({\n                \"parentElement\": \"bsport-widget-338478\",\n                \"companyId\": 5129,\n                \"franchiseId\": null,\n                \"dialogMode\": 1,\n                \"widgetType\": \"workshop\", \n                \"showFab\": false,\n                \"fullScreenPopup\": false,\n                \"styles\":undefined,\n                \"config\": {\n                    \"workshop\": {                \"coaches\": [],\n                \"establishments\": [],\n                \"metaActivities\": [\n                    216028\n                ],\n                \"levels\": []}\n                }  \n            })\n    <\/script>\n<div id=\"bsport-widget-338478\"><\/div>\t\t\t\t<\/div>\n\t\t\t\t\t<\/div>\n\t\t\t\t<\/div>\n\t\t\t\t<\/div>\n\t\t","protected":false},"excerpt":{"rendered":"<p>Immersive Handpan-Klangmeditation Handpan Zeremonie &#8211; gegen Spende Treten Sie ein in ein Heiligtum des Klangs, wo die Schwingungen der Handpan Sie in eine tiefe Pr\u00e4senz f\u00fchren und Ihr Nervensystem beruhigen. [&hellip;]<\/p>\n","protected":false},"author":2,"featured_media":0,"parent":0,"menu_order":0,"comment_status":"closed","ping_status":"closed","template":"","meta":{"footnotes":""},"class_list":["post-4692","page","type-page","status-publish","hentry"],"_links":{"self":[{"href":"https:\/\/www.be.life\/de\/wp-json\/wp\/v2\/pages\/4692","targetHints":{"allow":["GET"]}}],"collection":[{"href":"https:\/\/www.be.life\/de\/wp-json\/wp\/v2\/pages"}],"about":[{"href":"https:\/\/www.be.life\/de\/wp-json\/wp\/v2\/types\/page"}],"author":[{"embeddable":true,"href":"https:\/\/www.be.life\/de\/wp-json\/wp\/v2\/users\/2"}],"replies":[{"embeddable":true,"href":"https:\/\/www.be.life\/de\/wp-json\/wp\/v2\/comments?post=4692"}],"version-history":[{"count":1,"href":"https:\/\/www.be.life\/de\/wp-json\/wp\/v2\/pages\/4692\/revisions"}],"predecessor-version":[{"id":4695,"href":"https:\/\/www.be.life\/de\/wp-json\/wp\/v2\/pages\/4692\/revisions\/4695"}],"wp:attachment":[{"href":"https:\/\/www.be.life\/de\/wp-json\/wp\/v2\/media?parent=4692"}],"curies":[{"name":"wp","href":"https:\/\/api.w.org\/{rel}","templated":true}]}}