{"id":4579,"date":"2025-05-01T02:20:36","date_gmt":"2025-05-01T00:20:36","guid":{"rendered":"https:\/\/www.be.life\/startseite\/"},"modified":"2026-03-19T11:47:56","modified_gmt":"2026-03-19T10:47:56","slug":"startseite","status":"publish","type":"page","link":"https:\/\/www.be.life\/de\/","title":{"rendered":"Startseite"},"content":{"rendered":"\t\t<div data-elementor-type=\"wp-page\" data-elementor-id=\"4579\" class=\"elementor elementor-4579 elementor-133\" data-elementor-post-type=\"page\">\n\t\t\t\t<div class=\"elementor-element elementor-element-4269588d e-con-full e-flex e-con e-parent\" data-id=\"4269588d\" data-element_type=\"container\" data-e-type=\"container\">\n\t\t\t\t<div class=\"elementor-element elementor-element-15af4cd elementor-widget elementor-widget-video\" data-id=\"15af4cd\" data-element_type=\"widget\" data-e-type=\"widget\" data-settings=\"{&quot;video_type&quot;:&quot;hosted&quot;,&quot;autoplay&quot;:&quot;yes&quot;,&quot;play_on_mobile&quot;:&quot;yes&quot;,&quot;mute&quot;:&quot;yes&quot;,&quot;loop&quot;:&quot;yes&quot;,&quot;controls&quot;:&quot;yes&quot;}\" data-widget_type=\"video.default\">\n\t\t\t\t\t\t\t<div class=\"e-hosted-video elementor-wrapper elementor-open-inline\">\n\t\t\t\t\t<video class=\"elementor-video\" src=\"https:\/\/www.be.life\/wp-content\/uploads\/2025\/10\/250725_Be-TSP_Imagefilm_Final_4k2.webm\" autoplay=\"\" loop=\"\" controls=\"\" muted=\"muted\" playsinline=\"\" controlsList=\"nodownload\"><\/video>\n\t\t\t\t<\/div>\n\t\t\t\t\t\t<\/div>\n\t\t\t\t<\/div>\n\t\t<div class=\"elementor-element elementor-element-20e927c e-flex e-con-boxed e-con e-parent\" data-id=\"20e927c\" data-element_type=\"container\" data-e-type=\"container\">\n\t\t\t\t\t<div class=\"e-con-inner\">\n\t\t\t\t<div class=\"elementor-element elementor-element-ec7e622 elementor-widget elementor-widget-heading\" data-id=\"ec7e622\" data-element_type=\"widget\" data-e-type=\"widget\" data-widget_type=\"heading.default\">\n\t\t\t\t\t<h1 class=\"elementor-heading-title elementor-size-default\">BE: KLANGRAUM<\/h1>\t\t\t\t<\/div>\n\t\t\t\t<div class=\"elementor-element elementor-element-a8fda82 elementor-widget elementor-widget-text-editor\" data-id=\"a8fda82\" data-element_type=\"widget\" data-e-type=\"widget\" data-widget_type=\"text-editor.default\">\n\t\t\t\t\t\t\t\t\t<p><b>TONFREQUENZ-VIBRATION<\/b><\/p><p><strong>Sound Space<\/strong> ist ein Heiligtum f\u00fcr Klangheilung, Meditation und ganzheitliches Wohlbefinden, das auf der transformativen Kraft von Klang, Schwingung und Frequenz beruht.<\/p><p>Unser Ziel ist es, Menschen auf ihrer Reise nach innen zu begleiten, Achtsamkeit zu kultivieren, geistige und emotionale Heilung zu f\u00f6rdern und Raum f\u00fcr die Aufl\u00f6sung von Traumata zu schaffen. Auf diese Weise bef\u00e4higen wir andere nicht nur zu heilen, sondern sich mit unserer engagierten Anleitung und unseren integrierten Kursen selbst zu Lehrern und Heilern zu entwickeln. <\/p><p>Wir bieten eine Reihe von seelenn\u00e4hrenden Tageskursen, transformativen Veranstaltungen, pers\u00f6nlichen 1:1-Sitzungen, herzzentrierten Treffen und Schulungen zur Vertiefung der eigenen Praxis und des eigenen Verst\u00e4ndnisses an.<\/p><p>Im Kern ist <strong>Sound Space<\/strong> eine Gemeinschaft, ein Kreis gleichgesinnter Seelen, die sich der Heilung, dem Lernen und der gegenseitigen St\u00e4rkung widmen. Gemeinsam versuchen wir, die Harmonie in uns selbst, untereinander und mit der nat\u00fcrlichen Welt, die uns erh\u00e4lt, wiederherzustellen. <\/p>\t\t\t\t\t\t\t\t<\/div>\n\t\t\t\t\t<\/div>\n\t\t\t\t<\/div>\n\t\t<div class=\"elementor-element elementor-element-318c43e e-flex e-con-boxed e-con e-parent\" data-id=\"318c43e\" data-element_type=\"container\" data-e-type=\"container\">\n\t\t\t\t\t<div class=\"e-con-inner\">\n\t\t\t\t<div class=\"elementor-element elementor-element-dc528d0 elementor-widget elementor-widget-heading\" data-id=\"dc528d0\" data-element_type=\"widget\" data-e-type=\"widget\" data-widget_type=\"heading.default\">\n\t\t\t\t\t<h2 class=\"elementor-heading-title elementor-size-default\">Buchkurse &amp; besondere Veranstaltungen  <\/h2>\t\t\t\t<\/div>\n\t\t\t\t<div class=\"elementor-element elementor-element-c3300c5 elementor-widget elementor-widget-text-editor\" data-id=\"c3300c5\" data-element_type=\"widget\" data-e-type=\"widget\" data-widget_type=\"text-editor.default\">\n\t\t\t\t\t\t\t\t\t<p>Entdecken Sie unser Angebot an ganzheitlichen Wellness-Sitzungen, die Sie auf Ihrer Reise der Selbstheilung und Selbstentdeckung unterst\u00fctzen.<\/p>\t\t\t\t\t\t\t\t<\/div>\n\t\t\t\t\t<\/div>\n\t\t\t\t<\/div>\n\t\t<div class=\"elementor-element elementor-element-03b4ef3 e-flex e-con-boxed e-con e-parent\" data-id=\"03b4ef3\" data-element_type=\"container\" data-e-type=\"container\">\n\t\t\t\t\t<div class=\"e-con-inner\">\n\t\t\t\t<div class=\"elementor-element elementor-element-fdb8622 elementor-widget elementor-widget-html\" data-id=\"fdb8622\" data-element_type=\"widget\" data-e-type=\"widget\" data-widget_type=\"html.default\">\n\t\t\t\t\t<script id=\"insert-bsport-widget-cdn\">!function (b, s, p, o, r, t) { typeof window.BsportWidget === \"undefined\" && !document.getElementById(\"bsport-widget-cdn\") && !function () { m = b.createElement(s), m.id = \"bsport-widget-cdn\", m.src = p, b.getElementsByTagName(\"head\")[0].appendChild(m) }() }(document, \"script\", \"https:\/\/cdn.bsport.io\/scripts\/widget.js\")<\/script>\n    <script id=\"bsport-widget-mount\">\n        function MountBsportWidget(config, repeat=1) {\n            if (repeat > 50) { return }\n            if (!window.BsportWidget) {\n                return setTimeout(() => {\n                    MountBsportWidget(config,repeat+1)\n                }, 100 * repeat || 1)\n            }\n            BsportWidget.mount(config)\n        }\n    <\/script>\n    <script>\n        MountBsportWidget({\n                \"parentElement\": \"bsport-widget-131540\",\n                \"companyId\": 5129,\n                \"franchiseId\": null,\n                \"dialogMode\": 1,\n                \"widgetType\": \"calendar\", \n                \"showFab\": false,\n                \"fullScreenPopup\": false,\n                \"styles\":undefined,\n                \"config\": {\n                    \"calendar\": {                \"todayOnly\": false,\n                \"cardMode\": null,\n                \"groupSessionByPeriod\": false}\n                }  \n            })\n    <\/script>\n<div id=\"bsport-widget-131540\"><\/div>\t\t\t\t<\/div>\n\t\t\t\t\t<\/div>\n\t\t\t\t<\/div>\n\t\t<div class=\"elementor-element elementor-element-8eab708 e-flex e-con-boxed e-con e-parent\" data-id=\"8eab708\" data-element_type=\"container\" data-e-type=\"container\">\n\t\t\t\t\t<div class=\"e-con-inner\">\n\t\t\t\t<div class=\"elementor-element elementor-element-a6cc3d4 elementor-widget elementor-widget-heading\" data-id=\"a6cc3d4\" data-element_type=\"widget\" data-e-type=\"widget\" data-widget_type=\"heading.default\">\n\t\t\t\t\t<h2 class=\"elementor-heading-title elementor-size-default\">Kundenliebe<\/h2>\t\t\t\t<\/div>\n\t\t\t\t<div class=\"elementor-element elementor-element-d35d73f elementor-widget elementor-widget-text-editor\" data-id=\"d35d73f\" data-element_type=\"widget\" data-e-type=\"widget\" data-widget_type=\"text-editor.default\">\n\t\t\t\t\t\t\t\t\t<p class=\"\" data-rte-preserve-empty=\"true\" data-pm-slice=\"1 1 []\">&#8222;F\u00fcr mich ist das Studio ein Zufluchtsort, ein Ort, an dem ich mich sicher und geborgen f\u00fchle. Alle meine Gef\u00fchle sind erlaubt und jeder Lehrer, den ich bisher getroffen habe, hat mir das Gef\u00fchl von Sicherheit gegeben. Wenn sich die T\u00fcren von Be hinter meinem R\u00fccken schlie\u00dfen, kann ich in eine Welt eintauchen, in der ich einfach nur sein kann. Es ist ein Geschenk und ein Segen, dass ich Luciana und ihr Studio vor fast einem Jahr kennenlernen durfte.&#8220;<\/p><p class=\"\" data-rte-preserve-empty=\"true\" data-pm-slice=\"1 1 []\">&#8222;Erstaunlicher, magischer Ort! Jedes Mal, wenn ich bei Be: bin, treffe ich gro\u00dfartige Menschen und die Kurse und Workshops, die ich erlebt habe, waren alle so hilfreich f\u00fcr meine Reise. Das einzig Wahre! Sehr, sehr empfehlenswert!&#8220;<\/p><p class=\"\" data-rte-preserve-empty=\"true\" data-pm-slice=\"1 1 []\">&#8222;F\u00fcr mich verk\u00f6rpert Be: Sicherheit, Geborgenheit, Frieden und reine Liebe. Alle Lehrer widmen sich ihrer Arbeit mit diesen Prinzipien. Luciana hat es geschafft, ein Studio nach diesen Prinzipien zu schaffen, und jeder, der daran teilhaben darf, kann es sp\u00fcren. Ich bin unglaublich gl\u00fccklich, Luciana und ihr Studio kennengelernt zu haben.&#8220;<\/p><p class=\"\" data-rte-preserve-empty=\"true\" data-pm-slice=\"1 1 []\">&#8222;Ein tolles Studio mit einer sicheren und einladenden Atmosph\u00e4re, in der man sich immer wie zu Hause f\u00fchlt. Die Gemeinschaft ist sehr warm und einladend und die Lehrer sind fantastisch! Ich genie\u00dfe die Vielfalt der Kurse, aus denen ich je nach Stimmung w\u00e4hlen kann. Besonders gut gef\u00e4llt mir die Klangheilung, die mir hilft, meinen vollen Terminkalender f\u00fcr eine Stunde beiseite zu legen und meinen K\u00f6rper wieder ins Gleichgewicht zu bringen.&#8220;<\/p><p class=\"\" data-rte-preserve-empty=\"true\" data-pm-slice=\"1 1 []\">&#8222;Ich besuche Lucianas Klangbad-Kurs regelm\u00e4\u00dfig und er ist zu einem Teil meiner w\u00f6chentlichen Selbstf\u00fcrsorgepraxis geworden. Ich liebe die warme, einladende, herrlich duftende Atmosph\u00e4re, die sie geschaffen hat, und Luciana h\u00e4lt den Raum mit so viel Liebe und Sorgfalt. Au\u00dferdem hat sie wundersch\u00f6n kuratierte Produkte, die die Neugierde wecken. Ich genie\u00dfe das Be: Erlebnis sehr und bin dankbar f\u00fcr diese Gemeinschaft in Z\u00fcrich, die ich auch weiterhin meinen Freunden empfehlen werde.&#8220;<\/p>\t\t\t\t\t\t\t\t<\/div>\n\t\t\t\t\t<\/div>\n\t\t\t\t<\/div>\n\t\t\t\t<\/div>\n\t\t","protected":false},"excerpt":{"rendered":"<p>https:\/\/www.be.life\/wp-content\/uploads\/2025\/10\/250725_Be-TSP_Imagefilm_Final_4k2.webm BE: KLANGRAUM TONFREQUENZ-VIBRATION Sound Space ist ein Heiligtum f\u00fcr Klangheilung, Meditation und ganzheitliches Wohlbefinden, das auf der transformativen Kraft von Klang, Schwingung und Frequenz beruht. Unser Ziel ist es, [&hellip;]<\/p>\n","protected":false},"author":2,"featured_media":0,"parent":0,"menu_order":0,"comment_status":"closed","ping_status":"closed","template":"","meta":{"footnotes":""},"class_list":["post-4579","page","type-page","status-publish","hentry"],"_links":{"self":[{"href":"https:\/\/www.be.life\/de\/wp-json\/wp\/v2\/pages\/4579","targetHints":{"allow":["GET"]}}],"collection":[{"href":"https:\/\/www.be.life\/de\/wp-json\/wp\/v2\/pages"}],"about":[{"href":"https:\/\/www.be.life\/de\/wp-json\/wp\/v2\/types\/page"}],"author":[{"embeddable":true,"href":"https:\/\/www.be.life\/de\/wp-json\/wp\/v2\/users\/2"}],"replies":[{"embeddable":true,"href":"https:\/\/www.be.life\/de\/wp-json\/wp\/v2\/comments?post=4579"}],"version-history":[{"count":2,"href":"https:\/\/www.be.life\/de\/wp-json\/wp\/v2\/pages\/4579\/revisions"}],"predecessor-version":[{"id":4968,"href":"https:\/\/www.be.life\/de\/wp-json\/wp\/v2\/pages\/4579\/revisions\/4968"}],"wp:attachment":[{"href":"https:\/\/www.be.life\/de\/wp-json\/wp\/v2\/media?parent=4579"}],"curies":[{"name":"wp","href":"https:\/\/api.w.org\/{rel}","templated":true}]}}