{"id":4495,"date":"2025-06-30T21:22:38","date_gmt":"2025-06-30T19:22:38","guid":{"rendered":"https:\/\/www.be.life\/datenschutzbestimmungen\/"},"modified":"2025-12-23T05:31:22","modified_gmt":"2025-12-23T04:31:22","slug":"datenschutzbestimmungen","status":"publish","type":"page","link":"https:\/\/www.be.life\/de\/datenschutzbestimmungen\/","title":{"rendered":"Datenschutzbestimmungen"},"content":{"rendered":"\t\t<div data-elementor-type=\"wp-page\" data-elementor-id=\"4495\" class=\"elementor elementor-4495 elementor-1218\" data-elementor-post-type=\"page\">\n\t\t\t\t<div class=\"elementor-element elementor-element-346d5e2 e-con-full e-flex e-con e-parent\" data-id=\"346d5e2\" data-element_type=\"container\" data-e-type=\"container\" data-settings=\"{&quot;background_background&quot;:&quot;classic&quot;}\">\n\t\t\t\t<div class=\"elementor-element elementor-element-e5dcc0e elementor-widget elementor-widget-heading\" data-id=\"e5dcc0e\" data-element_type=\"widget\" data-e-type=\"widget\" data-widget_type=\"heading.default\">\n\t\t\t\t\t<h1 class=\"elementor-heading-title elementor-size-default\">Datenschutzbestimmungen<\/h1>\t\t\t\t<\/div>\n\t\t\t\t<div class=\"elementor-element elementor-element-94ed888 elementor-widget__width-initial elementor-invisible elementor-widget elementor-widget-text-editor\" data-id=\"94ed888\" data-element_type=\"widget\" data-e-type=\"widget\" data-settings=\"{&quot;_animation&quot;:&quot;fadeInUp&quot;}\" data-widget_type=\"text-editor.default\">\n\t\t\t\t\t\t\t\t\t<div class=\"text-center mb-16\"><p>Zuletzt aktualisiert: Oktober 05, 2021<\/p><\/div>\t\t\t\t\t\t\t\t<\/div>\n\t\t\t\t<\/div>\n\t\t<div class=\"elementor-element elementor-element-9daac3d e-flex e-con-boxed e-con e-parent\" data-id=\"9daac3d\" data-element_type=\"container\" data-e-type=\"container\">\n\t\t\t\t\t<div class=\"e-con-inner\">\n\t\t\t\t<div class=\"elementor-element elementor-element-e7f5efd elementor-widget elementor-widget-text-editor\" data-id=\"e7f5efd\" data-element_type=\"widget\" data-e-type=\"widget\" data-widget_type=\"text-editor.default\">\n\t\t\t\t\t\t\t\t\t<p>Diese Datenschutzrichtlinie beschreibt unsere Richtlinien und Verfahren zur Erfassung, Verwendung und Weitergabe Ihrer Daten, wenn Sie den Service nutzen, und informiert Sie \u00fcber Ihre Datenschutzrechte und wie das Gesetz Sie sch\u00fctzt.<\/p><p>Wir verwenden Ihre pers\u00f6nlichen Daten, um den Service bereitzustellen und zu verbessern. Durch die Nutzung des Dienstes erkl\u00e4ren Sie sich mit der Erfassung und Nutzung von Informationen in \u00dcbereinstimmung mit dieser Datenschutzerkl\u00e4rung einverstanden. <\/p><p><strong>Definitionen<\/strong><br>F\u00fcr die Zwecke dieser Datenschutzrichtlinie:<\/p><p>Konto bezeichnet ein einzigartiges Konto, das f\u00fcr Sie erstellt wurde, um auf unseren Service oder Teile unseres Service zuzugreifen.<\/p><p>Unternehmen (in diesem Vertrag entweder als &#8222;das Unternehmen&#8220;, &#8222;wir&#8220;, &#8222;uns&#8220; oder &#8222;unser&#8220; bezeichnet) bezieht sich auf Be:.<\/p><p>Cookies sind kleine Dateien, die von einer Website auf Ihrem Computer, Ihrem Mobilger\u00e4t oder einem anderen Ger\u00e4t abgelegt werden und die unter anderem Angaben zu Ihrem Surfverhalten auf dieser Website enthalten.<\/p><p>Land bezieht sich auf: Schweiz<\/p><p>Ger\u00e4t bedeutet jedes Ger\u00e4t, das auf den Service zugreifen kann, wie z.B. ein Computer, ein Mobiltelefon oder ein digitales Tablet.<\/p><p>Personenbezogene Daten sind alle Informationen, die sich auf eine identifizierte oder identifizierbare Person beziehen.<\/p><p>Service bezieht sich auf die Website.<\/p><p>Dienstanbieter bezeichnet jede nat\u00fcrliche oder juristische Person, die die Daten im Auftrag des Unternehmens verarbeitet. Er bezieht sich auf Drittunternehmen oder Einzelpersonen, die vom Unternehmen angestellt sind, um den Service zu erleichtern, den Service im Namen des Unternehmens bereitzustellen, Dienstleistungen im Zusammenhang mit dem Service zu erbringen oder das Unternehmen bei der Analyse der Nutzung des Service zu unterst\u00fctzen. <\/p><p>Nutzungsdaten beziehen sich auf automatisch erfasste Daten, die entweder durch die Nutzung des Dienstes oder durch die Infrastruktur des Dienstes selbst erzeugt werden (z. B. die Dauer eines Seitenbesuchs).<\/p><p>Die Website verweist auf Be:, erreichbar \u00fcber www.be.life<\/p><p>Sie sind die Person, die auf den Dienst zugreift oder ihn nutzt, oder das Unternehmen oder eine andere juristische Person, in deren Namen eine solche Person auf den Dienst zugreift oder ihn nutzt, je nachdem.<\/p><p><strong>Pers\u00f6nliche Daten<\/strong><br>W\u00e4hrend der Nutzung unseres Dienstes bitten wir Sie m\u00f6glicherweise, uns bestimmte pers\u00f6nliche Daten mitzuteilen, die dazu verwendet werden k\u00f6nnen, Sie zu kontaktieren oder zu identifizieren. Pers\u00f6nlich identifizierbare Informationen k\u00f6nnen unter anderem sein: <\/p><p>E-Mail Adresse<\/p><p>Vorname und Nachname<\/p><p>Verwendungsdaten<\/p><p>Nutzungsdaten werden bei der Nutzung des Dienstes automatisch erfasst.<\/p><p>Zu den Nutzungsdaten k\u00f6nnen Informationen wie die Internetprotokolladresse Ihres Ger\u00e4ts (z.B. IP-Adresse), der Browsertyp, die Browserversion, die von Ihnen besuchten Seiten unseres Dienstes, die Uhrzeit und das Datum Ihres Besuchs, die auf diesen Seiten verbrachte Zeit, eindeutige Ger\u00e4tekennungen und andere Diagnosedaten geh\u00f6ren.<\/p><p>Wenn Sie mit oder \u00fcber ein mobiles Ger\u00e4t auf den Dienst zugreifen, k\u00f6nnen wir bestimmte Informationen automatisch erfassen, einschlie\u00dflich, aber nicht beschr\u00e4nkt auf die Art des von Ihnen verwendeten mobilen Ger\u00e4ts, die eindeutige ID Ihres mobilen Ger\u00e4ts, die IP-Adresse Ihres mobilen Ger\u00e4ts, Ihr mobiles Betriebssystem, die Art des von Ihnen verwendeten mobilen Internetbrowsers, eindeutige Ger\u00e4tekennungen und andere Diagnosedaten.<\/p><p>Wir k\u00f6nnen auch Informationen sammeln, die Ihr Browser sendet, wenn Sie unseren Service besuchen oder wenn Sie \u00fcber ein mobiles Ger\u00e4t auf den Service zugreifen.<\/p><p><strong>Verwendung Ihrer pers\u00f6nlichen Daten<\/strong><br>Das Unternehmen kann pers\u00f6nliche Daten f\u00fcr die folgenden Zwecke verwenden:<\/p><p>Zur Bereitstellung und Wartung unseres Service, einschlie\u00dflich der \u00dcberwachung der Nutzung unseres Service.<\/p><p>Um Ihr Konto zu verwalten: um Ihre Registrierung als Nutzer des Dienstes zu verwalten. Die von Ihnen angegebenen pers\u00f6nlichen Daten k\u00f6nnen Ihnen Zugang zu verschiedenen Funktionen des Dienstes verschaffen, die Ihnen als registriertem Nutzer zur Verf\u00fcgung stehen. <\/p><p>F\u00fcr die Erf\u00fcllung eines Vertrags: die Entwicklung, Einhaltung und Durchf\u00fchrung des Kaufvertrags f\u00fcr die Produkte, Artikel oder Dienstleistungen, die Sie gekauft haben, oder eines anderen Vertrags mit uns \u00fcber den Service.<\/p><p>Um Sie zu kontaktieren: Um Sie per E-Mail, Telefonanrufe, SMS oder andere gleichwertige Formen der elektronischen Kommunikation zu kontaktieren, wie z.B. Push-Benachrichtigungen einer mobilen Anwendung in Bezug auf Aktualisierungen oder informative Mitteilungen im Zusammenhang mit den Funktionen, Produkten oder vertraglich vereinbarten Diensten, einschlie\u00dflich der Sicherheitsupdates, wenn dies f\u00fcr deren Umsetzung notwendig oder sinnvoll ist.<\/p><p>Um Ihnen Neuigkeiten, Sonderangebote und allgemeine Informationen \u00fcber andere Waren, Dienstleistungen und Veranstaltungen zukommen zu lassen, die wir anbieten und die denen \u00e4hnlich sind, die Sie bereits gekauft oder angefragt haben, es sei denn, Sie haben sich gegen den Erhalt solcher Informationen entschieden.<\/p><p>Um Ihre Anfragen zu verwalten: Zur Bearbeitung und Verwaltung Ihrer Anfragen an uns.<\/p><p>F\u00fcr Unternehmens\u00fcbertragungen: Wir k\u00f6nnen Ihre Daten verwenden, um eine Fusion, Ver\u00e4u\u00dferung, Umstrukturierung, Reorganisation, Aufl\u00f6sung oder einen anderen Verkauf oder eine \u00dcbertragung einiger oder aller unserer Verm\u00f6genswerte zu bewerten oder durchzuf\u00fchren, sei es als laufender Betrieb oder als Teil eines Konkurses, einer Liquidation oder eines \u00e4hnlichen Verfahrens, bei dem pers\u00f6nliche Daten, die wir \u00fcber unsere Dienstnutzer besitzen, zu den \u00fcbertragenen Verm\u00f6genswerten geh\u00f6ren.<\/p><p>F\u00fcr andere Zwecke: Wir k\u00f6nnen Ihre Daten f\u00fcr andere Zwecke verwenden, z.B. zur Datenanalyse, zur Ermittlung von Nutzungstrends, zur Bestimmung der Effektivit\u00e4t unserer Werbekampagnen und zur Bewertung und Verbesserung unseres Service, unserer Produkte, Dienstleistungen, unseres Marketings und Ihrer Erfahrungen.<\/p><p>Wir k\u00f6nnen Ihre pers\u00f6nlichen Daten in den folgenden Situationen weitergeben:<\/p><p>Mit Dienstanbietern: Wir k\u00f6nnen Ihre pers\u00f6nlichen Daten mit Dienstanbietern teilen, um die Nutzung unseres Dienstes zu \u00fcberwachen und zu analysieren und um Sie zu kontaktieren.<\/p><p>F\u00fcr Unternehmens\u00fcbertragungen: Wir k\u00f6nnen Ihre pers\u00f6nlichen Daten in Verbindung mit oder w\u00e4hrend der Verhandlungen \u00fcber eine Fusion, den Verkauf von Unternehmensverm\u00f6gen, eine Finanzierung oder die \u00dcbernahme unseres gesamten oder eines Teils unseres Unternehmens durch ein anderes Unternehmen weitergeben oder \u00fcbertragen.<\/p><p>Mit Partnerunternehmen: Wir k\u00f6nnen Ihre Daten an unsere verbundenen Unternehmen weitergeben. In diesem Fall verpflichten wir diese verbundenen Unternehmen, diese Datenschutzrichtlinie einzuhalten. Zu den verbundenen Unternehmen geh\u00f6ren unsere Muttergesellschaft und alle anderen Tochtergesellschaften, Joint-Venture-Partner oder andere Unternehmen, die wir kontrollieren oder die unter gemeinsamer Kontrolle mit uns stehen. <\/p><p>Mit Gesch\u00e4ftspartnern: Wir k\u00f6nnen Ihre Daten an unsere Gesch\u00e4ftspartner weitergeben, um Ihnen bestimmte Produkte, Dienstleistungen oder Werbeaktionen anzubieten.<\/p><p>Mit anderen Nutzern: Wenn Sie pers\u00f6nliche Informationen weitergeben oder anderweitig in den \u00f6ffentlichen Bereichen mit anderen Nutzern interagieren, k\u00f6nnen diese Informationen von allen Nutzern eingesehen und \u00f6ffentlich nach au\u00dfen verbreitet werden.<\/p><p>Mit Ihrem Einverst\u00e4ndnis: Mit Ihrem Einverst\u00e4ndnis k\u00f6nnen wir Ihre pers\u00f6nlichen Daten f\u00fcr jeden anderen Zweck offenlegen.<\/p><p><strong>Aufbewahrung Ihrer pers\u00f6nlichen Daten<\/strong><br>Das Unternehmen wird Ihre pers\u00f6nlichen Daten nur so lange aufbewahren, wie es f\u00fcr die in dieser Datenschutzrichtlinie genannten Zwecke erforderlich ist. Wir werden Ihre pers\u00f6nlichen Daten in dem Ma\u00dfe aufbewahren und verwenden, wie es notwendig ist, um unseren rechtlichen Verpflichtungen nachzukommen (z.B. wenn wir Ihre Daten aufbewahren m\u00fcssen, um geltende Gesetze einzuhalten), um Streitigkeiten beizulegen und um unsere rechtlichen Vereinbarungen und Richtlinien durchzusetzen. <\/p><p>Das Unternehmen wird Nutzungsdaten auch f\u00fcr interne Analysezwecke aufbewahren. Nutzungsdaten werden im Allgemeinen f\u00fcr einen k\u00fcrzeren Zeitraum aufbewahrt, es sei denn, diese Daten werden verwendet, um die Sicherheit oder die Funktionalit\u00e4t unseres Dienstes zu verbessern, oder wir sind gesetzlich verpflichtet, diese Daten f\u00fcr l\u00e4ngere Zeitr\u00e4ume aufzubewahren. <\/p><p><strong>\u00dcbertragung Ihrer pers\u00f6nlichen Daten<\/strong><br>Ihre Informationen, einschlie\u00dflich pers\u00f6nlicher Daten, werden in den Betriebsb\u00fcros des Unternehmens und an anderen Orten verarbeitet, an denen sich die an der Verarbeitung beteiligten Parteien befinden. Das bedeutet, dass diese Daten an Computer au\u00dferhalb Ihres Staates, Ihrer Provinz, Ihres Landes oder einer anderen staatlichen Gerichtsbarkeit, in der andere Datenschutzgesetze als in Ihrer Gerichtsbarkeit gelten, \u00fcbertragen und dort gespeichert werden k\u00f6nnen. <\/p><p>Mit Ihrer Zustimmung zu dieser Datenschutzerkl\u00e4rung und der anschlie\u00dfenden \u00dcbermittlung dieser Informationen erkl\u00e4ren Sie sich mit dieser \u00dcbertragung einverstanden.<\/p><p>Das Unternehmen wird alle angemessenen Schritte unternehmen, um sicherzustellen, dass Ihre Daten sicher und in \u00dcbereinstimmung mit dieser Datenschutzrichtlinie behandelt werden, und es wird keine \u00dcbertragung Ihrer pers\u00f6nlichen Daten an eine Organisation oder ein Land stattfinden, wenn nicht angemessene Kontrollen vorhanden sind, die die Sicherheit Ihrer Daten und anderer pers\u00f6nlicher Informationen einschlie\u00dfen.<\/p><p><strong>Offenlegung Ihrer pers\u00f6nlichen Daten<\/strong><\/p><p><em><strong>Gesch\u00e4ftstransaktionen<\/strong><\/em><br>Wenn das Unternehmen an einer Fusion, einer \u00dcbernahme oder einem Verkauf von Verm\u00f6genswerten beteiligt ist, k\u00f6nnen Ihre pers\u00f6nlichen Daten \u00fcbertragen werden. Wir werden Sie benachrichtigen, bevor Ihre pers\u00f6nlichen Daten \u00fcbertragen werden und einer anderen Datenschutzrichtlinie unterworfen werden. <\/p><p><em><strong>Strafverfolgung<\/strong><\/em><\/p><p>Unter bestimmten Umst\u00e4nden kann das Unternehmen verpflichtet sein, Ihre pers\u00f6nlichen Daten offenzulegen, wenn dies gesetzlich vorgeschrieben ist oder als Antwort auf berechtigte Anfragen von Beh\u00f6rden (z.B. einem Gericht oder einer Regierungsbeh\u00f6rde).<\/p><p><em><strong>Andere gesetzliche Anforderungen<\/strong><\/em><br>Das Unternehmen kann Ihre pers\u00f6nlichen Daten offenlegen, wenn es in gutem Glauben davon ausgeht, dass eine solche Ma\u00dfnahme notwendig ist, um:<\/p><p>Erf\u00fcllen Sie eine gesetzliche Verpflichtung<\/p><p>Schutz und Verteidigung der Rechte oder des Eigentums des Unternehmens<\/p><p>M\u00f6gliches Fehlverhalten im Zusammenhang mit dem Service zu verhindern oder zu untersuchen<\/p><p>die pers\u00f6nliche Sicherheit von Nutzern des Dienstes oder der \u00d6ffentlichkeit zu sch\u00fctzen<\/p><p>Sch\u00fctzen Sie sich vor rechtlicher Haftung<\/p><p><strong>Sicherheit Ihrer pers\u00f6nlichen Daten<\/strong><br>Die Sicherheit Ihrer pers\u00f6nlichen Daten ist uns wichtig, aber denken Sie daran, dass keine Methode der \u00dcbertragung \u00fcber das Internet oder der elektronischen Speicherung 100% sicher ist. Obwohl wir uns bem\u00fchen, Ihre pers\u00f6nlichen Daten mit kommerziell akzeptablen Mitteln zu sch\u00fctzen, k\u00f6nnen wir keine absolute Sicherheit garantieren. <\/p><p><strong>Datenschutz f\u00fcr Kinder<\/strong><br>Unser Service richtet sich nicht an Personen unter 13 Jahren. Wir sammeln nicht wissentlich personenbezogene Daten von Personen unter 13 Jahren. Wenn Sie ein Elternteil oder Erziehungsberechtigter sind und wissen, dass Ihr Kind uns personenbezogene Daten zur Verf\u00fcgung gestellt hat, kontaktieren Sie uns bitte. Wenn wir erfahren, dass wir personenbezogene Daten von Personen unter 13 Jahren ohne \u00dcberpr\u00fcfung der elterlichen Zustimmung erfasst haben, ergreifen wir Ma\u00dfnahmen, um diese Daten von unseren Servern zu entfernen.   <\/p><p>Wenn wir uns auf die Zustimmung als Rechtsgrundlage f\u00fcr die Verarbeitung Ihrer Daten st\u00fctzen m\u00fcssen und Ihr Land die Zustimmung eines Elternteils erfordert, k\u00f6nnen wir die Zustimmung Ihres Elternteils verlangen, bevor wir diese Daten sammeln und verwenden.<\/p><p><strong>Links zu anderen Websites<\/strong><br>Unser Service kann Links zu anderen Websites enthalten, die nicht von uns betrieben werden. Wenn Sie auf einen Link einer dritten Partei klicken, werden Sie auf die Website dieser dritten Partei weitergeleitet. Wir empfehlen Ihnen dringend, die Datenschutzrichtlinien jeder von Ihnen besuchten Website zu lesen.  <\/p><p>Wir haben keine Kontrolle \u00fcber und \u00fcbernehmen keine Verantwortung f\u00fcr den Inhalt, die Datenschutzrichtlinien oder die Praktiken von Websites oder Diensten Dritter.<\/p><p><strong>\u00c4nderungen an dieser Datenschutzrichtlinie<\/strong><br>Wir k\u00f6nnen unsere Datenschutzrichtlinie von Zeit zu Zeit aktualisieren. Wir werden Sie \u00fcber alle \u00c4nderungen informieren, indem wir die neue Datenschutzrichtlinie auf dieser Seite ver\u00f6ffentlichen. <\/p><p>Wir werden Sie per E-Mail und\/oder durch einen auff\u00e4lligen Hinweis in unserem Service informieren, bevor die \u00c4nderung in Kraft tritt, und das Datum der letzten Aktualisierung oben in dieser Datenschutzrichtlinie aktualisieren.<\/p><p>Wir empfehlen Ihnen, diese Datenschutzrichtlinie regelm\u00e4\u00dfig auf \u00c4nderungen zu \u00fcberpr\u00fcfen. \u00c4nderungen an dieser Datenschutzerkl\u00e4rung werden wirksam, wenn sie auf dieser Seite ver\u00f6ffentlicht werden. <\/p><p><strong>Kontaktieren Sie uns<\/strong><br>Wenn Sie Fragen zu dieser Datenschutzrichtlinie haben, k\u00f6nnen Sie uns kontaktieren:<\/p><p>Per E-Mail: info@be.life<\/p><p>Indem Sie diese Seite auf unserer Website besuchen: www.be.life\/contact<\/p>\t\t\t\t\t\t\t\t<\/div>\n\t\t\t\t\t<\/div>\n\t\t\t\t<\/div>\n\t\t\t\t<\/div>\n\t\t","protected":false},"excerpt":{"rendered":"<p>Datenschutzbestimmungen Zuletzt aktualisiert: Oktober 05, 2021 Diese Datenschutzrichtlinie beschreibt unsere Richtlinien und Verfahren zur Erfassung, Verwendung und Weitergabe Ihrer Daten, wenn Sie den Service nutzen, und informiert Sie \u00fcber Ihre [&hellip;]<\/p>\n","protected":false},"author":2,"featured_media":0,"parent":0,"menu_order":0,"comment_status":"closed","ping_status":"closed","template":"","meta":{"footnotes":""},"class_list":["post-4495","page","type-page","status-publish","hentry"],"_links":{"self":[{"href":"https:\/\/www.be.life\/de\/wp-json\/wp\/v2\/pages\/4495","targetHints":{"allow":["GET"]}}],"collection":[{"href":"https:\/\/www.be.life\/de\/wp-json\/wp\/v2\/pages"}],"about":[{"href":"https:\/\/www.be.life\/de\/wp-json\/wp\/v2\/types\/page"}],"author":[{"embeddable":true,"href":"https:\/\/www.be.life\/de\/wp-json\/wp\/v2\/users\/2"}],"replies":[{"embeddable":true,"href":"https:\/\/www.be.life\/de\/wp-json\/wp\/v2\/comments?post=4495"}],"version-history":[{"count":3,"href":"https:\/\/www.be.life\/de\/wp-json\/wp\/v2\/pages\/4495\/revisions"}],"predecessor-version":[{"id":4515,"href":"https:\/\/www.be.life\/de\/wp-json\/wp\/v2\/pages\/4495\/revisions\/4515"}],"wp:attachment":[{"href":"https:\/\/www.be.life\/de\/wp-json\/wp\/v2\/media?parent=4495"}],"curies":[{"name":"wp","href":"https:\/\/api.w.org\/{rel}","templated":true}]}}