{"id":4434,"date":"2025-06-30T21:25:17","date_gmt":"2025-06-30T19:25:17","guid":{"rendered":"https:\/\/www.be.life\/bedingungen-und-konditionen\/"},"modified":"2025-12-23T05:30:29","modified_gmt":"2025-12-23T04:30:29","slug":"bedingungen-und-konditionen","status":"publish","type":"page","link":"https:\/\/www.be.life\/de\/bedingungen-und-konditionen\/","title":{"rendered":"Bedingungen und Konditionen"},"content":{"rendered":"\t\t<div data-elementor-type=\"wp-page\" data-elementor-id=\"4434\" class=\"elementor elementor-4434 elementor-1223\" data-elementor-post-type=\"page\">\n\t\t\t\t<div class=\"elementor-element elementor-element-350b180 e-con-full e-flex e-con e-parent\" data-id=\"350b180\" data-element_type=\"container\" data-e-type=\"container\" data-settings=\"{&quot;background_background&quot;:&quot;classic&quot;}\">\n\t\t\t\t<div class=\"elementor-element elementor-element-df2e95f elementor-widget elementor-widget-heading\" data-id=\"df2e95f\" data-element_type=\"widget\" data-e-type=\"widget\" data-widget_type=\"heading.default\">\n\t\t\t\t\t<h1 class=\"elementor-heading-title elementor-size-default\">Be: Bedingungen und Konditionen\n<\/h1>\t\t\t\t<\/div>\n\t\t\t\t<div class=\"elementor-element elementor-element-af25428 elementor-widget__width-initial elementor-invisible elementor-widget elementor-widget-text-editor\" data-id=\"af25428\" data-element_type=\"widget\" data-e-type=\"widget\" data-settings=\"{&quot;_animation&quot;:&quot;fadeInUp&quot;}\" data-widget_type=\"text-editor.default\">\n\t\t\t\t\t\t\t\t\t<div class=\"text-center mb-16\">\n<p>Zuletzt aktualisiert: Oktober 05, 2021<\/p>\n<\/div>\t\t\t\t\t\t\t\t<\/div>\n\t\t\t\t<\/div>\n\t\t<div class=\"elementor-element elementor-element-eb23a82 e-flex e-con-boxed e-con e-parent\" data-id=\"eb23a82\" data-element_type=\"container\" data-e-type=\"container\">\n\t\t\t\t\t<div class=\"e-con-inner\">\n\t\t\t\t<div class=\"elementor-element elementor-element-a5a84a3 elementor-widget elementor-widget-text-editor\" data-id=\"a5a84a3\" data-element_type=\"widget\" data-e-type=\"widget\" data-widget_type=\"text-editor.default\">\n\t\t\t\t\t\t\t\t\t<p><strong>Stornierungsbedingungen<\/strong><br>Gruppen-\/Privatkurse m\u00fcssen sp\u00e4testens 12 Stunden vor dem Kurs storniert werden. Sie k\u00f6nnen dies \u00fcber Ihr Kundenpanel tun. Wenn Sie Probleme haben, senden Sie uns bitte eine E-Mail, um Ihren Kurs zu stornieren (auch dies muss bis sp\u00e4testens 12 Stunden vorher geschehen). Stornierungen per Telefon k\u00f6nnen nicht akzeptiert werden. Versp\u00e4tete Stornierungen oder Nichterscheinen werden in voller H\u00f6he in Rechnung gestellt.    <\/p><p>Termine m\u00fcssen bis sp\u00e4testens 24 Stunden vor dem Termin storniert werden. Sie k\u00f6nnen dies \u00fcber Ihr Kundenpanel tun. Wenn Sie Probleme haben, senden Sie uns bitte eine E-Mail, um Ihren Termin zu stornieren (auch dies muss sp\u00e4testens 24 Stunden vorher geschehen). Telefonische Stornierungen k\u00f6nnen nicht akzeptiert werden. Versp\u00e4tete Stornierungen oder Nichterscheinen werden in voller H\u00f6he in Rechnung gestellt.    <\/p><p><strong>Einkaufspolitik<\/strong><\/p><p><em><strong>Intro Angebote<\/strong><\/em><\/p><p>Alle Einf\u00fchrungsangebote gelten nur f\u00fcr Erstkunden.<\/p><p><em><strong>Einzelsitzungen &amp; Unterrichtspakete<\/strong><\/em><\/p><p>Pakete k\u00f6nnen nicht zur\u00fcckgestellt werden, es sei denn aus Gr\u00fcnden der Schwangerschaft.<br>Class Passes sind f\u00fcr den angegebenen Betrag g\u00fcltig.<br>Alle gekauften Kurse sind nicht erstattungsf\u00e4hig, nicht \u00fcbertragbar und k\u00f6nnen nicht geteilt werden.<\/p><p><em><strong>Unterricht und Terminvereinbarungen<\/strong><\/em><br>Ankunft zum Kurs:<br>Sie m\u00fcssen mindestens 10 Minuten vor Kursbeginn eintreffen, sonst kann Ihr reservierter Platz an einen wartenden Teilnehmer vergeben werden. Wir k\u00f6nnen keine Nachz\u00fcgler zulassen. <\/p><p><em><strong>Wartelisten<\/strong><\/em><br>Wenn Sie bei der Buchung auf die Warteliste gesetzt werden und ein Platz frei wird, werden Sie automatisch von der Warteliste in diesen Kurs gesetzt. Wenn Sie in Ihrem Konto E-Mail-Benachrichtigungen aktiviert haben, erhalten Sie eine automatische E-Mail-Benachrichtigung, dass Sie von der Warteliste hinzugef\u00fcgt wurden. Bitte f\u00fcgen Sie &#8218;info@be.life&#8216; zur Liste der sicheren Absender Ihrer E-Mails hinzu, um zu verhindern, dass die automatischen E-Mails im Spam landen. Sie k\u00f6nnen in Ihrem Konto sehen, f\u00fcr welche Kurse Sie angemeldet sind. Wenn Sie von der Warteliste hinzugef\u00fcgt werden und nicht mehr teilnehmen k\u00f6nnen, m\u00fcssen Sie Ihre Buchung stornieren.    <\/p><p><em><strong>Preisgestaltung<\/strong><\/em><br>Die Preise sowie die Abos und Verfallsdaten finden Sie auf der Buchungsseite unter Pakete.<\/p><p><em><strong>Haftung<\/strong><\/em><br>Der Veranstalter Be: Holistic GmbH sowie die Dozenten \u00fcbernehmen die Haftung f\u00fcr die ordnungsgem\u00e4\u00dfe Durchf\u00fchrung der Kurse\/Veranstaltungen\/Workshops im Rahmen der gesetzlichen Gew\u00e4hrleistungsbestimmungen. Jede weitergehende Haftung, insbesondere Schadensersatzanspr\u00fcche, sind ausdr\u00fccklich ausgeschlossen. Der Veranstalter \u00fcbernimmt daher keinerlei Haftung, insbesondere keine Haftung bei Verschweigen von k\u00f6rperlichen oder psychischen Erkrankungen, die eine Teilnahme an den Kursen, Terminen und Workshops nicht ratsam erscheinen lassen.  <\/p><p>Die Nutzung der Kursr\u00e4umlichkeiten und -angebote erfolgt auf eigene Gefahr der Teilnehmer. F\u00fcr mitgebrachte Wertsachen wird keine Haftung \u00fcbernommen. <\/p><p>F\u00fcr alle Kurse, Veranstaltungen und Retreats, die von Be: Holistic GmbH organisiert werden, schlie\u00dfen wir jegliche Haftung f\u00fcr entstandene Sch\u00e4den aus. Jeder Teilnehmer ist selbst f\u00fcr einen ausreichenden Versicherungsschutz verantwortlich. Be: Holistic GmbH kann nicht f\u00fcr Diebstahl oder Verlust von Gegenst\u00e4nden haftbar gemacht werden.  <\/p><p>Teilnahmef\u00e4higkeit, Eigenverantwortung<br>Bestehende geistige oder k\u00f6rperliche Einschr\u00e4nkungen oder eine bestehende Schwangerschaft m\u00fcssen der Kursleitung sp\u00e4testens zu Beginn des Kurses\/Workshops\/der Veranstaltung mitgeteilt werden. Sollte w\u00e4hrend des Kurses\/der Veranstaltung\/des Workshops eine gesundheitliche Einschr\u00e4nkung oder eine Schwangerschaft eintreten, muss die Kursleitung sofort informiert werden. <\/p><p>Wenn Sie Zweifel an Ihrer Gesundheit oder geistigen Fitness haben, empfehlen wir Ihnen, vor der Anmeldung einen entsprechenden Experten zu konsultieren. Bei akuten k\u00f6rperlichen oder psychischen Problemen sollte vorher ein Arzt konsultiert werden, um festzustellen, ob die von uns angebotenen Kurse sinnvoll sind. Unsere Kurse haben eine heilende Wirkung auf die k\u00f6rperliche und geistige Verfassung, sie sind jedoch keine medizinischen oder psychotherapeutischen Behandlungen.  <\/p><p>Die Kursleitung beh\u00e4lt sich das Recht vor, Teilnehmer abzulehnen, wenn der Veranstalter der Meinung ist, dass die gesundheitlichen oder psychologischen Voraussetzungen f\u00fcr die Teilnahme an der Veranstaltung nicht gegeben sind. Diese Ablehnung kann auch kurzfristig oder w\u00e4hrend eines laufenden Kurses ausgesprochen werden. In diesem Fall werden die Kurskosten anteilig zur\u00fcckerstattet.  <\/p>\t\t\t\t\t\t\t\t<\/div>\n\t\t\t\t\t<\/div>\n\t\t\t\t<\/div>\n\t\t\t\t<\/div>\n\t\t","protected":false},"excerpt":{"rendered":"<p>Be: Bedingungen und Konditionen Zuletzt aktualisiert: Oktober 05, 2021 StornierungsbedingungenGruppen-\/Privatkurse m\u00fcssen sp\u00e4testens 12 Stunden vor dem Kurs storniert werden. Sie k\u00f6nnen dies \u00fcber Ihr Kundenpanel tun. Wenn Sie Probleme haben, [&hellip;]<\/p>\n","protected":false},"author":2,"featured_media":0,"parent":0,"menu_order":0,"comment_status":"closed","ping_status":"closed","template":"","meta":{"footnotes":""},"class_list":["post-4434","page","type-page","status-publish","hentry"],"_links":{"self":[{"href":"https:\/\/www.be.life\/de\/wp-json\/wp\/v2\/pages\/4434","targetHints":{"allow":["GET"]}}],"collection":[{"href":"https:\/\/www.be.life\/de\/wp-json\/wp\/v2\/pages"}],"about":[{"href":"https:\/\/www.be.life\/de\/wp-json\/wp\/v2\/types\/page"}],"author":[{"embeddable":true,"href":"https:\/\/www.be.life\/de\/wp-json\/wp\/v2\/users\/2"}],"replies":[{"embeddable":true,"href":"https:\/\/www.be.life\/de\/wp-json\/wp\/v2\/comments?post=4434"}],"version-history":[{"count":3,"href":"https:\/\/www.be.life\/de\/wp-json\/wp\/v2\/pages\/4434\/revisions"}],"predecessor-version":[{"id":4451,"href":"https:\/\/www.be.life\/de\/wp-json\/wp\/v2\/pages\/4434\/revisions\/4451"}],"wp:attachment":[{"href":"https:\/\/www.be.life\/de\/wp-json\/wp\/v2\/media?parent=4434"}],"curies":[{"name":"wp","href":"https:\/\/api.w.org\/{rel}","templated":true}]}}