{"id":4432,"date":"2025-06-30T10:03:42","date_gmt":"2025-06-30T08:03:42","guid":{"rendered":"https:\/\/www.be.life\/der-raum\/"},"modified":"2026-03-19T00:31:25","modified_gmt":"2026-03-18T23:31:25","slug":"der-raum","status":"publish","type":"page","link":"https:\/\/www.be.life\/de\/der-raum\/","title":{"rendered":"Der Raum"},"content":{"rendered":"\t\t<div data-elementor-type=\"wp-page\" data-elementor-id=\"4432\" class=\"elementor elementor-4432 elementor-1139\" data-elementor-post-type=\"page\">\n\t\t\t\t<div class=\"elementor-element elementor-element-46ff0ad e-flex e-con-boxed e-con e-parent\" data-id=\"46ff0ad\" data-element_type=\"container\" data-e-type=\"container\" data-settings=\"{&quot;background_background&quot;:&quot;classic&quot;}\">\n\t\t\t\t\t<div class=\"e-con-inner\">\n\t\t\t\t<div class=\"elementor-element elementor-element-8a435f0 elementor-widget elementor-widget-heading\" data-id=\"8a435f0\" data-element_type=\"widget\" data-e-type=\"widget\" data-widget_type=\"heading.default\">\n\t\t\t\t\t<h1 class=\"elementor-heading-title elementor-size-default\">Be: Klangraum<\/h1>\t\t\t\t<\/div>\n\t\t\t\t<div class=\"elementor-element elementor-element-1ce869a elementor-widget elementor-widget-text-editor\" data-id=\"1ce869a\" data-element_type=\"widget\" data-e-type=\"widget\" data-widget_type=\"text-editor.default\">\n\t\t\t\t\t\t\t\t\t<div class=\"text-center mb-16\">\n<div class=\"text-center mb-16\">\n<p class=\"text-xl text-gray-600 max-w-3xl mx-auto\">Unser wundersch\u00f6nes Studio im Herzen von Z\u00fcrich, Ihr Zufluchtsort in der Stadt f\u00fcr Heilung und Transformation<\/p>\n<\/div>\n<\/div>\t\t\t\t\t\t\t\t<\/div>\n\t\t\t\t\t<\/div>\n\t\t\t\t<\/div>\n\t\t<div class=\"elementor-element elementor-element-f4ed7d2 e-flex e-con-boxed e-con e-parent\" data-id=\"f4ed7d2\" data-element_type=\"container\" data-e-type=\"container\">\n\t\t\t\t\t<div class=\"e-con-inner\">\n\t\t\t\t<div class=\"elementor-element elementor-element-1bf0545 elementor-widget elementor-widget-heading\" data-id=\"1bf0545\" data-element_type=\"widget\" data-e-type=\"widget\" data-widget_type=\"heading.default\">\n\t\t\t\t\t<h2 class=\"elementor-heading-title elementor-size-default\">Der Raum<\/h2>\t\t\t\t<\/div>\n\t\t\t\t<div class=\"elementor-element elementor-element-0b26427 gallery-spacing-custom elementor-widget elementor-widget-image-gallery\" data-id=\"0b26427\" data-element_type=\"widget\" data-e-type=\"widget\" data-widget_type=\"image-gallery.default\">\n\t\t\t\t\t\t\t<div class=\"elementor-image-gallery\">\n\t\t\t<div id='gallery-1' class='gallery galleryid-4432 gallery-columns-2 gallery-size-1536x1536'><figure class='gallery-item'>\n\t\t\t<div class='gallery-icon landscape'>\n\t\t\t\t<a data-elementor-open-lightbox=\"yes\" data-elementor-lightbox-slideshow=\"0b26427\" data-elementor-lightbox-title=\"250724_BeTSP_Standortaufnahmen_Alle_SM Res-01561\" data-e-action-hash=\"#elementor-action%3Aaction%3Dlightbox%26settings%3DeyJpZCI6NDM5MiwidXJsIjoiaHR0cHM6XC9cL3d3dy5iZS5saWZlXC93cC1jb250ZW50XC91cGxvYWRzXC8yMDI1XC8wOVwvMjUwNzI0X0JlVFNQX0xvY2F0aW9uLVNob3RzX0FsbF9TTS1SZXMtMDE1NjEuanBnIiwic2xpZGVzaG93IjoiMGIyNjQyNyJ9\" href='https:\/\/www.be.life\/wp-content\/uploads\/2025\/09\/250724_BeTSP_Location-Shots_All_SM-Res-01561.jpg'><img decoding=\"async\" width=\"1536\" height=\"864\" src=\"https:\/\/www.be.life\/wp-content\/uploads\/2025\/09\/250724_BeTSP_Location-Shots_All_SM-Res-01561-1536x864.jpg\" class=\"attachment-1536x1536 size-1536x1536\" alt=\"\" srcset=\"https:\/\/www.be.life\/wp-content\/uploads\/2025\/09\/250724_BeTSP_Location-Shots_All_SM-Res-01561-1536x864.jpg 1536w, https:\/\/www.be.life\/wp-content\/uploads\/2025\/09\/250724_BeTSP_Location-Shots_All_SM-Res-01561-300x169.jpg 300w, https:\/\/www.be.life\/wp-content\/uploads\/2025\/09\/250724_BeTSP_Location-Shots_All_SM-Res-01561-1024x576.jpg 1024w, https:\/\/www.be.life\/wp-content\/uploads\/2025\/09\/250724_BeTSP_Location-Shots_All_SM-Res-01561-768x432.jpg 768w, https:\/\/www.be.life\/wp-content\/uploads\/2025\/09\/250724_BeTSP_Location-Shots_All_SM-Res-01561-600x338.jpg 600w, https:\/\/www.be.life\/wp-content\/uploads\/2025\/09\/250724_BeTSP_Location-Shots_All_SM-Res-01561.jpg 1920w\" sizes=\"(max-width: 1536px) 100vw, 1536px\" \/><\/a>\n\t\t\t<\/div><\/figure><figure class='gallery-item'>\n\t\t\t<div class='gallery-icon landscape'>\n\t\t\t\t<a data-elementor-open-lightbox=\"yes\" data-elementor-lightbox-slideshow=\"0b26427\" data-elementor-lightbox-title=\"250724_BeTSP_Lokalaufnahmen_Alle_SM Res-01656\" data-e-action-hash=\"#elementor-action%3Aaction%3Dlightbox%26settings%3DeyJpZCI6NDQzNywidXJsIjoiaHR0cHM6XC9cL3d3dy5iZS5saWZlXC93cC1jb250ZW50XC91cGxvYWRzXC8yMDI1XC8wOVwvMjUwNzI0X0JlVFNQX0xvY2F0aW9uLVNob3RzX0FsbF9TTS1SZXMtMDE2NTYuanBnIiwic2xpZGVzaG93IjoiMGIyNjQyNyJ9\" href='https:\/\/www.be.life\/wp-content\/uploads\/2025\/09\/250724_BeTSP_Location-Shots_All_SM-Res-01656.jpg'><img decoding=\"async\" width=\"1536\" height=\"864\" src=\"https:\/\/www.be.life\/wp-content\/uploads\/2025\/09\/250724_BeTSP_Location-Shots_All_SM-Res-01656-1536x864.jpg\" class=\"attachment-1536x1536 size-1536x1536\" alt=\"\" srcset=\"https:\/\/www.be.life\/wp-content\/uploads\/2025\/09\/250724_BeTSP_Location-Shots_All_SM-Res-01656-1536x864.jpg 1536w, https:\/\/www.be.life\/wp-content\/uploads\/2025\/09\/250724_BeTSP_Location-Shots_All_SM-Res-01656-300x169.jpg 300w, https:\/\/www.be.life\/wp-content\/uploads\/2025\/09\/250724_BeTSP_Location-Shots_All_SM-Res-01656-1024x576.jpg 1024w, https:\/\/www.be.life\/wp-content\/uploads\/2025\/09\/250724_BeTSP_Location-Shots_All_SM-Res-01656-768x432.jpg 768w, https:\/\/www.be.life\/wp-content\/uploads\/2025\/09\/250724_BeTSP_Location-Shots_All_SM-Res-01656-600x338.jpg 600w, https:\/\/www.be.life\/wp-content\/uploads\/2025\/09\/250724_BeTSP_Location-Shots_All_SM-Res-01656.jpg 1920w\" sizes=\"(max-width: 1536px) 100vw, 1536px\" \/><\/a>\n\t\t\t<\/div><\/figure><figure class='gallery-item'>\n\t\t\t<div class='gallery-icon landscape'>\n\t\t\t\t<a data-elementor-open-lightbox=\"yes\" data-elementor-lightbox-slideshow=\"0b26427\" data-elementor-lightbox-title=\"250724_BeTSP_Lokalaufnahmen_Alle_SM Res-01675\" data-e-action-hash=\"#elementor-action%3Aaction%3Dlightbox%26settings%3DeyJpZCI6NDQzOCwidXJsIjoiaHR0cHM6XC9cL3d3dy5iZS5saWZlXC93cC1jb250ZW50XC91cGxvYWRzXC8yMDI1XC8wOVwvMjUwNzI0X0JlVFNQX0xvY2F0aW9uLVNob3RzX0FsbF9TTS1SZXMtMDE2NzUuanBnIiwic2xpZGVzaG93IjoiMGIyNjQyNyJ9\" href='https:\/\/www.be.life\/wp-content\/uploads\/2025\/09\/250724_BeTSP_Location-Shots_All_SM-Res-01675.jpg'><img decoding=\"async\" width=\"1536\" height=\"864\" src=\"https:\/\/www.be.life\/wp-content\/uploads\/2025\/09\/250724_BeTSP_Location-Shots_All_SM-Res-01675-1536x864.jpg\" class=\"attachment-1536x1536 size-1536x1536\" alt=\"\" srcset=\"https:\/\/www.be.life\/wp-content\/uploads\/2025\/09\/250724_BeTSP_Location-Shots_All_SM-Res-01675-1536x864.jpg 1536w, https:\/\/www.be.life\/wp-content\/uploads\/2025\/09\/250724_BeTSP_Location-Shots_All_SM-Res-01675-300x169.jpg 300w, https:\/\/www.be.life\/wp-content\/uploads\/2025\/09\/250724_BeTSP_Location-Shots_All_SM-Res-01675-1024x576.jpg 1024w, https:\/\/www.be.life\/wp-content\/uploads\/2025\/09\/250724_BeTSP_Location-Shots_All_SM-Res-01675-768x432.jpg 768w, https:\/\/www.be.life\/wp-content\/uploads\/2025\/09\/250724_BeTSP_Location-Shots_All_SM-Res-01675-600x338.jpg 600w, https:\/\/www.be.life\/wp-content\/uploads\/2025\/09\/250724_BeTSP_Location-Shots_All_SM-Res-01675.jpg 1920w\" sizes=\"(max-width: 1536px) 100vw, 1536px\" \/><\/a>\n\t\t\t<\/div><\/figure><figure class='gallery-item'>\n\t\t\t<div class='gallery-icon landscape'>\n\t\t\t\t<a data-elementor-open-lightbox=\"yes\" data-elementor-lightbox-slideshow=\"0b26427\" data-elementor-lightbox-title=\"250724_BeTSP_Lokalaufnahmen_Alle_SM Res-01571-2\" data-e-action-hash=\"#elementor-action%3Aaction%3Dlightbox%26settings%3DeyJpZCI6NDQzOSwidXJsIjoiaHR0cHM6XC9cL3d3dy5iZS5saWZlXC93cC1jb250ZW50XC91cGxvYWRzXC8yMDI1XC8wOVwvMjUwNzI0X0JlVFNQX0xvY2F0aW9uLVNob3RzX0FsbF9TTS1SZXMtMDE1NzEtMi5qcGciLCJzbGlkZXNob3ciOiIwYjI2NDI3In0%3D\" href='https:\/\/www.be.life\/wp-content\/uploads\/2025\/09\/250724_BeTSP_Location-Shots_All_SM-Res-01571-2.jpg'><img decoding=\"async\" width=\"1350\" height=\"759\" src=\"https:\/\/www.be.life\/wp-content\/uploads\/2025\/09\/250724_BeTSP_Location-Shots_All_SM-Res-01571-2.jpg\" class=\"attachment-1536x1536 size-1536x1536\" alt=\"\" srcset=\"https:\/\/www.be.life\/wp-content\/uploads\/2025\/09\/250724_BeTSP_Location-Shots_All_SM-Res-01571-2.jpg 1350w, https:\/\/www.be.life\/wp-content\/uploads\/2025\/09\/250724_BeTSP_Location-Shots_All_SM-Res-01571-2-300x169.jpg 300w, https:\/\/www.be.life\/wp-content\/uploads\/2025\/09\/250724_BeTSP_Location-Shots_All_SM-Res-01571-2-1024x576.jpg 1024w, https:\/\/www.be.life\/wp-content\/uploads\/2025\/09\/250724_BeTSP_Location-Shots_All_SM-Res-01571-2-768x432.jpg 768w, https:\/\/www.be.life\/wp-content\/uploads\/2025\/09\/250724_BeTSP_Location-Shots_All_SM-Res-01571-2-600x337.jpg 600w\" sizes=\"(max-width: 1350px) 100vw, 1350px\" \/><\/a>\n\t\t\t<\/div><\/figure><figure class='gallery-item'>\n\t\t\t<div class='gallery-icon landscape'>\n\t\t\t\t<a data-elementor-open-lightbox=\"yes\" data-elementor-lightbox-slideshow=\"0b26427\" data-elementor-lightbox-title=\"250724_BeTSP_Standortaufnahmen_Alle_SM Res-01671\" data-e-action-hash=\"#elementor-action%3Aaction%3Dlightbox%26settings%3DeyJpZCI6NDQxMiwidXJsIjoiaHR0cHM6XC9cL3d3dy5iZS5saWZlXC93cC1jb250ZW50XC91cGxvYWRzXC8yMDI1XC8wOVwvMjUwNzI0X0JlVFNQX0xvY2F0aW9uLVNob3RzX0FsbF9TTS1SZXMtMDE2NzEuanBnIiwic2xpZGVzaG93IjoiMGIyNjQyNyJ9\" href='https:\/\/www.be.life\/wp-content\/uploads\/2025\/09\/250724_BeTSP_Location-Shots_All_SM-Res-01671.jpg'><img decoding=\"async\" width=\"1536\" height=\"864\" src=\"https:\/\/www.be.life\/wp-content\/uploads\/2025\/09\/250724_BeTSP_Location-Shots_All_SM-Res-01671-1536x864.jpg\" class=\"attachment-1536x1536 size-1536x1536\" alt=\"\" srcset=\"https:\/\/www.be.life\/wp-content\/uploads\/2025\/09\/250724_BeTSP_Location-Shots_All_SM-Res-01671-1536x864.jpg 1536w, https:\/\/www.be.life\/wp-content\/uploads\/2025\/09\/250724_BeTSP_Location-Shots_All_SM-Res-01671-300x169.jpg 300w, https:\/\/www.be.life\/wp-content\/uploads\/2025\/09\/250724_BeTSP_Location-Shots_All_SM-Res-01671-1024x576.jpg 1024w, https:\/\/www.be.life\/wp-content\/uploads\/2025\/09\/250724_BeTSP_Location-Shots_All_SM-Res-01671-768x432.jpg 768w, https:\/\/www.be.life\/wp-content\/uploads\/2025\/09\/250724_BeTSP_Location-Shots_All_SM-Res-01671-600x338.jpg 600w, https:\/\/www.be.life\/wp-content\/uploads\/2025\/09\/250724_BeTSP_Location-Shots_All_SM-Res-01671.jpg 1920w\" sizes=\"(max-width: 1536px) 100vw, 1536px\" \/><\/a>\n\t\t\t<\/div><\/figure><figure class='gallery-item'>\n\t\t\t<div class='gallery-icon landscape'>\n\t\t\t\t<a data-elementor-open-lightbox=\"yes\" data-elementor-lightbox-slideshow=\"0b26427\" data-elementor-lightbox-title=\"250724_BeTSP_Lokalaufnahmen_Alle_SM Res-01602\" data-e-action-hash=\"#elementor-action%3Aaction%3Dlightbox%26settings%3DeyJpZCI6NDQ0MCwidXJsIjoiaHR0cHM6XC9cL3d3dy5iZS5saWZlXC93cC1jb250ZW50XC91cGxvYWRzXC8yMDI1XC8wOVwvMjUwNzI0X0JlVFNQX0xvY2F0aW9uLVNob3RzX0FsbF9TTS1SZXMtMDE2MDIuanBnIiwic2xpZGVzaG93IjoiMGIyNjQyNyJ9\" href='https:\/\/www.be.life\/wp-content\/uploads\/2025\/09\/250724_BeTSP_Location-Shots_All_SM-Res-01602.jpg'><img decoding=\"async\" width=\"1536\" height=\"864\" src=\"https:\/\/www.be.life\/wp-content\/uploads\/2025\/09\/250724_BeTSP_Location-Shots_All_SM-Res-01602-1536x864.jpg\" class=\"attachment-1536x1536 size-1536x1536\" alt=\"\" srcset=\"https:\/\/www.be.life\/wp-content\/uploads\/2025\/09\/250724_BeTSP_Location-Shots_All_SM-Res-01602-1536x864.jpg 1536w, https:\/\/www.be.life\/wp-content\/uploads\/2025\/09\/250724_BeTSP_Location-Shots_All_SM-Res-01602-300x169.jpg 300w, https:\/\/www.be.life\/wp-content\/uploads\/2025\/09\/250724_BeTSP_Location-Shots_All_SM-Res-01602-1024x576.jpg 1024w, https:\/\/www.be.life\/wp-content\/uploads\/2025\/09\/250724_BeTSP_Location-Shots_All_SM-Res-01602-768x432.jpg 768w, https:\/\/www.be.life\/wp-content\/uploads\/2025\/09\/250724_BeTSP_Location-Shots_All_SM-Res-01602-600x338.jpg 600w, https:\/\/www.be.life\/wp-content\/uploads\/2025\/09\/250724_BeTSP_Location-Shots_All_SM-Res-01602.jpg 1920w\" sizes=\"(max-width: 1536px) 100vw, 1536px\" \/><\/a>\n\t\t\t<\/div><\/figure><figure class='gallery-item'>\n\t\t\t<div class='gallery-icon landscape'>\n\t\t\t\t<a data-elementor-open-lightbox=\"yes\" data-elementor-lightbox-slideshow=\"0b26427\" data-elementor-lightbox-title=\"250724_BeTSP_Standortaufnahmen_Alle_SM Res-01593\" data-e-action-hash=\"#elementor-action%3Aaction%3Dlightbox%26settings%3DeyJpZCI6NDQ0MSwidXJsIjoiaHR0cHM6XC9cL3d3dy5iZS5saWZlXC93cC1jb250ZW50XC91cGxvYWRzXC8yMDI1XC8wOVwvMjUwNzI0X0JlVFNQX0xvY2F0aW9uLVNob3RzX0FsbF9TTS1SZXMtMDE1OTMuanBnIiwic2xpZGVzaG93IjoiMGIyNjQyNyJ9\" href='https:\/\/www.be.life\/wp-content\/uploads\/2025\/09\/250724_BeTSP_Location-Shots_All_SM-Res-01593.jpg'><img decoding=\"async\" width=\"1536\" height=\"864\" src=\"https:\/\/www.be.life\/wp-content\/uploads\/2025\/09\/250724_BeTSP_Location-Shots_All_SM-Res-01593-1536x864.jpg\" class=\"attachment-1536x1536 size-1536x1536\" alt=\"\" srcset=\"https:\/\/www.be.life\/wp-content\/uploads\/2025\/09\/250724_BeTSP_Location-Shots_All_SM-Res-01593-1536x864.jpg 1536w, https:\/\/www.be.life\/wp-content\/uploads\/2025\/09\/250724_BeTSP_Location-Shots_All_SM-Res-01593-300x169.jpg 300w, https:\/\/www.be.life\/wp-content\/uploads\/2025\/09\/250724_BeTSP_Location-Shots_All_SM-Res-01593-1024x576.jpg 1024w, https:\/\/www.be.life\/wp-content\/uploads\/2025\/09\/250724_BeTSP_Location-Shots_All_SM-Res-01593-768x432.jpg 768w, https:\/\/www.be.life\/wp-content\/uploads\/2025\/09\/250724_BeTSP_Location-Shots_All_SM-Res-01593-600x338.jpg 600w, https:\/\/www.be.life\/wp-content\/uploads\/2025\/09\/250724_BeTSP_Location-Shots_All_SM-Res-01593.jpg 1920w\" sizes=\"(max-width: 1536px) 100vw, 1536px\" \/><\/a>\n\t\t\t<\/div><\/figure><figure class='gallery-item'>\n\t\t\t<div class='gallery-icon landscape'>\n\t\t\t\t<a data-elementor-open-lightbox=\"yes\" data-elementor-lightbox-slideshow=\"0b26427\" data-elementor-lightbox-title=\"250724_BeTSP_Standortaufnahmen_Alle_SM Res-01699\" data-e-action-hash=\"#elementor-action%3Aaction%3Dlightbox%26settings%3DeyJpZCI6NDQ0MiwidXJsIjoiaHR0cHM6XC9cL3d3dy5iZS5saWZlXC93cC1jb250ZW50XC91cGxvYWRzXC8yMDI1XC8wOVwvMjUwNzI0X0JlVFNQX0xvY2F0aW9uLVNob3RzX0FsbF9TTS1SZXMtMDE2OTkuanBnIiwic2xpZGVzaG93IjoiMGIyNjQyNyJ9\" href='https:\/\/www.be.life\/wp-content\/uploads\/2025\/09\/250724_BeTSP_Location-Shots_All_SM-Res-01699.jpg'><img decoding=\"async\" width=\"1536\" height=\"864\" src=\"https:\/\/www.be.life\/wp-content\/uploads\/2025\/09\/250724_BeTSP_Location-Shots_All_SM-Res-01699-1536x864.jpg\" class=\"attachment-1536x1536 size-1536x1536\" alt=\"\" srcset=\"https:\/\/www.be.life\/wp-content\/uploads\/2025\/09\/250724_BeTSP_Location-Shots_All_SM-Res-01699-1536x864.jpg 1536w, https:\/\/www.be.life\/wp-content\/uploads\/2025\/09\/250724_BeTSP_Location-Shots_All_SM-Res-01699-300x169.jpg 300w, https:\/\/www.be.life\/wp-content\/uploads\/2025\/09\/250724_BeTSP_Location-Shots_All_SM-Res-01699-1024x576.jpg 1024w, https:\/\/www.be.life\/wp-content\/uploads\/2025\/09\/250724_BeTSP_Location-Shots_All_SM-Res-01699-768x432.jpg 768w, https:\/\/www.be.life\/wp-content\/uploads\/2025\/09\/250724_BeTSP_Location-Shots_All_SM-Res-01699-600x338.jpg 600w, https:\/\/www.be.life\/wp-content\/uploads\/2025\/09\/250724_BeTSP_Location-Shots_All_SM-Res-01699.jpg 1920w\" sizes=\"(max-width: 1536px) 100vw, 1536px\" \/><\/a>\n\t\t\t<\/div><\/figure>\n\t\t<\/div>\n\t\t<\/div>\n\t\t\t\t\t\t<\/div>\n\t\t<div class=\"elementor-element elementor-element-4dcf8d0 e-con-full e-flex e-con e-child\" data-id=\"4dcf8d0\" data-element_type=\"container\" data-e-type=\"container\">\n\t\t<div class=\"elementor-element elementor-element-141ccfd e-con-full e-flex e-con e-child\" data-id=\"141ccfd\" data-element_type=\"container\" data-e-type=\"container\">\n\t\t\t\t<div class=\"elementor-element elementor-element-fc6a934 elementor-align-start elementor-icon-list--layout-traditional elementor-list-item-link-full_width elementor-widget elementor-widget-icon-list\" data-id=\"fc6a934\" data-element_type=\"widget\" data-e-type=\"widget\" data-widget_type=\"icon-list.default\">\n\t\t\t\t\t\t\t<ul class=\"elementor-icon-list-items\">\n\t\t\t\t\t\t\t<li class=\"elementor-icon-list-item\">\n\t\t\t\t\t\t\t\t\t\t\t<span class=\"elementor-icon-list-icon\">\n\t\t\t\t\t\t\t<svg aria-hidden=\"true\" class=\"e-font-icon-svg e-fas-map\" viewBox=\"0 0 576 512\" xmlns=\"http:\/\/www.w3.org\/2000\/svg\"><path d=\"M0 117.66v346.32c0 11.32 11.43 19.06 21.94 14.86L160 416V32L20.12 87.95A32.006 32.006 0 0 0 0 117.66zM192 416l192 64V96L192 32v384zM554.06 33.16L416 96v384l139.88-55.95A31.996 31.996 0 0 0 576 394.34V48.02c0-11.32-11.43-19.06-21.94-14.86z\"><\/path><\/svg>\t\t\t\t\t\t<\/span>\n\t\t\t\t\t\t\t\t\t\t<span class=\"elementor-icon-list-text\">Klosbachstrasse 3, 8032 Z\u00fcrich<\/span>\n\t\t\t\t\t\t\t\t\t<\/li>\n\t\t\t\t\t\t\t\t<li class=\"elementor-icon-list-item\">\n\t\t\t\t\t\t\t\t\t\t\t<span class=\"elementor-icon-list-icon\">\n\t\t\t\t\t\t\t<svg aria-hidden=\"true\" class=\"e-font-icon-svg e-fas-clock\" viewBox=\"0 0 512 512\" xmlns=\"http:\/\/www.w3.org\/2000\/svg\"><path d=\"M256,8C119,8,8,119,8,256S119,504,256,504,504,393,504,256,393,8,256,8Zm92.49,313h0l-20,25a16,16,0,0,1-22.49,2.5h0l-67-49.72a40,40,0,0,1-15-31.23V112a16,16,0,0,1,16-16h32a16,16,0,0,1,16,16V256l58,42.5A16,16,0,0,1,348.49,321Z\"><\/path><\/svg>\t\t\t\t\t\t<\/span>\n\t\t\t\t\t\t\t\t\t\t<span class=\"elementor-icon-list-text\">Vor und nach den Unterrichtsstunden ge\u00f6ffnet<\/span>\n\t\t\t\t\t\t\t\t\t<\/li>\n\t\t\t\t\t\t<\/ul>\n\t\t\t\t\t\t<\/div>\n\t\t\t\t<\/div>\n\t\t<div class=\"elementor-element elementor-element-9c2efaf e-con-full e-flex e-con e-child\" data-id=\"9c2efaf\" data-element_type=\"container\" data-e-type=\"container\">\n\t\t\t\t<div class=\"elementor-element elementor-element-760a1fc elementor-widget elementor-widget-google_maps\" data-id=\"760a1fc\" data-element_type=\"widget\" data-e-type=\"widget\" data-widget_type=\"google_maps.default\">\n\t\t\t\t\t\t\t<div class=\"elementor-custom-embed\">\n\t\t\t<iframe loading=\"lazy\"\n\t\t\t\t\tsrc=\"https:\/\/maps.google.com\/maps?q=Be%3A%20Life%20Studio&#038;t=m&#038;z=15&#038;output=embed&#038;iwloc=near\"\n\t\t\t\t\ttitle=\"Be: Life Studio\"\n\t\t\t\t\taria-label=\"Be: Life Studio\"\n\t\t\t><\/iframe>\n\t\t<\/div>\n\t\t\t\t\t\t<\/div>\n\t\t\t\t<\/div>\n\t\t\t\t<\/div>\n\t\t\t\t\t<\/div>\n\t\t\t\t<\/div>\n\t\t\t\t<\/div>\n\t\t","protected":false},"excerpt":{"rendered":"<p>Be: Klangraum Unser wundersch\u00f6nes Studio im Herzen von Z\u00fcrich, Ihr Zufluchtsort in der Stadt f\u00fcr Heilung und Transformation Der Raum Klosbachstrasse 3, 8032 Z\u00fcrich Vor und nach den Unterrichtsstunden ge\u00f6ffnet<\/p>\n","protected":false},"author":2,"featured_media":0,"parent":0,"menu_order":0,"comment_status":"closed","ping_status":"closed","template":"","meta":{"footnotes":""},"class_list":["post-4432","page","type-page","status-publish","hentry"],"_links":{"self":[{"href":"https:\/\/www.be.life\/de\/wp-json\/wp\/v2\/pages\/4432","targetHints":{"allow":["GET"]}}],"collection":[{"href":"https:\/\/www.be.life\/de\/wp-json\/wp\/v2\/pages"}],"about":[{"href":"https:\/\/www.be.life\/de\/wp-json\/wp\/v2\/types\/page"}],"author":[{"embeddable":true,"href":"https:\/\/www.be.life\/de\/wp-json\/wp\/v2\/users\/2"}],"replies":[{"embeddable":true,"href":"https:\/\/www.be.life\/de\/wp-json\/wp\/v2\/comments?post=4432"}],"version-history":[{"count":4,"href":"https:\/\/www.be.life\/de\/wp-json\/wp\/v2\/pages\/4432\/revisions"}],"predecessor-version":[{"id":4955,"href":"https:\/\/www.be.life\/de\/wp-json\/wp\/v2\/pages\/4432\/revisions\/4955"}],"wp:attachment":[{"href":"https:\/\/www.be.life\/de\/wp-json\/wp\/v2\/media?parent=4432"}],"curies":[{"name":"wp","href":"https:\/\/api.w.org\/{rel}","templated":true}]}}