{"id":4394,"date":"2025-12-03T14:40:07","date_gmt":"2025-12-03T13:40:07","guid":{"rendered":"https:\/\/www.be.life\/naturheilkundliche-ernaehrungstherapie\/"},"modified":"2025-12-23T05:29:49","modified_gmt":"2025-12-23T04:29:49","slug":"naturheilkundliche-ernaehrungstherapie","status":"publish","type":"page","link":"https:\/\/www.be.life\/de\/naturheilkundliche-ernaehrungstherapie\/","title":{"rendered":"Naturheilkundliche Ern\u00e4hrungstherapie"},"content":{"rendered":"\t\t<div data-elementor-type=\"wp-page\" data-elementor-id=\"4394\" class=\"elementor elementor-4394 elementor-3690\" data-elementor-post-type=\"page\">\n\t\t\t\t<div class=\"elementor-element elementor-element-8dafcbd e-con-full e-flex e-con e-parent\" data-id=\"8dafcbd\" data-element_type=\"container\" data-e-type=\"container\" data-settings=\"{&quot;background_background&quot;:&quot;classic&quot;}\">\n\t\t\t\t<div class=\"elementor-element elementor-element-7d50a36 elementor-widget elementor-widget-heading\" data-id=\"7d50a36\" data-element_type=\"widget\" data-e-type=\"widget\" data-widget_type=\"heading.default\">\n\t\t\t\t\t<h1 class=\"elementor-heading-title elementor-size-default\">Naturheilkundliche Ern\u00e4hrungstherapie<\/h1>\t\t\t\t<\/div>\n\t\t\t\t<div class=\"elementor-element elementor-element-5c63355 elementor-widget elementor-widget-text-editor\" data-id=\"5c63355\" data-element_type=\"widget\" data-e-type=\"widget\" data-widget_type=\"text-editor.default\">\n\t\t\t\t\t\t\t\t\t<p>Ein ganzheitliches System, das den Menschen in seiner Gesamtheit betrachtet, indem es Krankheiten mit nat\u00fcrlichen Methoden wie Ern\u00e4hrung, Bewegung, Lebensstil und Behandlungen wie Kr\u00e4utermedizin und Hom\u00f6opathie mit dem Prozess der Bereitstellung oder Beschaffung der f\u00fcr Gesundheit und Wachstum notwendigen Nahrung behandelt.<\/p>\t\t\t\t\t\t\t\t<\/div>\n\t\t\t\t<\/div>\n\t\t<div class=\"elementor-element elementor-element-c4c7a33 e-flex e-con-boxed e-con e-parent\" data-id=\"c4c7a33\" data-element_type=\"container\" data-e-type=\"container\">\n\t\t\t\t\t<div class=\"e-con-inner\">\n\t\t<div class=\"elementor-element elementor-element-696baf0 e-con-full e-flex e-con e-child\" data-id=\"696baf0\" data-element_type=\"container\" data-e-type=\"container\">\n\t\t\t\t<div class=\"elementor-element elementor-element-cda79bc elementor-widget elementor-widget-heading\" data-id=\"cda79bc\" data-element_type=\"widget\" data-e-type=\"widget\" data-widget_type=\"heading.default\">\n\t\t\t\t\t<h2 class=\"elementor-heading-title elementor-size-default\">H\u00f6ren Sie<\/h2>\t\t\t\t<\/div>\n\t\t\t\t<div class=\"elementor-element elementor-element-565d10e elementor-widget elementor-widget-image\" data-id=\"565d10e\" data-element_type=\"widget\" data-e-type=\"widget\" data-widget_type=\"image.default\">\n\t\t\t\t\t\t\t\t\t\t\t\t\t\t\t<img decoding=\"async\" width=\"2560\" height=\"1396\" src=\"https:\/\/www.be.life\/wp-content\/uploads\/2025\/12\/Gemini_Generated_Image_2lrsrc2lrsrc2lrs-scaled.png\" class=\"attachment-full size-full wp-image-4400\" alt=\"\" srcset=\"https:\/\/www.be.life\/wp-content\/uploads\/2025\/12\/Gemini_Generated_Image_2lrsrc2lrsrc2lrs-scaled.png 2560w, https:\/\/www.be.life\/wp-content\/uploads\/2025\/12\/Gemini_Generated_Image_2lrsrc2lrsrc2lrs-300x164.png 300w, https:\/\/www.be.life\/wp-content\/uploads\/2025\/12\/Gemini_Generated_Image_2lrsrc2lrsrc2lrs-1024x559.png 1024w, https:\/\/www.be.life\/wp-content\/uploads\/2025\/12\/Gemini_Generated_Image_2lrsrc2lrsrc2lrs-768x419.png 768w, https:\/\/www.be.life\/wp-content\/uploads\/2025\/12\/Gemini_Generated_Image_2lrsrc2lrsrc2lrs-1536x838.png 1536w, https:\/\/www.be.life\/wp-content\/uploads\/2025\/12\/Gemini_Generated_Image_2lrsrc2lrsrc2lrs-2048x1117.png 2048w, https:\/\/www.be.life\/wp-content\/uploads\/2025\/12\/Gemini_Generated_Image_2lrsrc2lrsrc2lrs-600x327.png 600w\" sizes=\"(max-width: 2560px) 100vw, 2560px\" \/>\t\t\t\t\t\t\t\t\t\t\t\t\t\t\t<\/div>\n\t\t\t\t<div class=\"elementor-element elementor-element-93bb18c elementor-widget elementor-widget-text-editor\" data-id=\"93bb18c\" data-element_type=\"widget\" data-e-type=\"widget\" data-widget_type=\"text-editor.default\">\n\t\t\t\t\t\t\t\t\t<p>Haben Sie das Gef\u00fchl, dass Sie bei optimaler Gesundheit sind? Oft sind wir so sehr in unsere t\u00e4gliche Routine vertieft, dass wir vergessen, auf unseren K\u00f6rper zu h\u00f6ren. Die Art und Weise, wie unser K\u00f6rper uns mitteilt, dass etwas nicht in Ordnung ist, ist, dass er Beschwerden zeigt, die eines der folgenden h\u00e4ufigen Symptome sein k\u00f6nnen:  <\/p><p>Bl\u00e4hungen, Magenkr\u00e4mpfe, Unwohlsein nach den Mahlzeiten, Verstopfung, Durchfall<\/p><p>Akne, Nesselsucht, Hautausschl\u00e4ge, Hautreizungen<\/p><p>Ausbleibende Menstruationszyklen, schweres PMS<\/p><p>Gelenkschmerzen, Muskelkr\u00e4mpfe, Muskelschmerzen, R\u00fcckenschmerzen<\/p><p>Wiederkehrender Husten, Niesen, Juckreiz im Hals<\/p><p>Schw\u00e4chegef\u00fchl, Schwindel, st\u00e4ndige M\u00fcdigkeit, Kopfschmerzen, n\u00e4chtliches Aufwachen oder Einschlafprobleme<\/p>\t\t\t\t\t\t\t\t<\/div>\n\t\t\t\t<\/div>\n\t\t<div class=\"elementor-element elementor-element-d417d8f e-con-full e-flex e-con e-child\" data-id=\"d417d8f\" data-element_type=\"container\" data-e-type=\"container\">\n\t\t\t\t<div class=\"elementor-element elementor-element-5e5bc6c elementor-widget elementor-widget-heading\" data-id=\"5e5bc6c\" data-element_type=\"widget\" data-e-type=\"widget\" data-widget_type=\"heading.default\">\n\t\t\t\t\t<h2 class=\"elementor-heading-title elementor-size-default\">Heilen<\/h2>\t\t\t\t<\/div>\n\t\t\t\t<div class=\"elementor-element elementor-element-8def31a elementor-widget elementor-widget-image\" data-id=\"8def31a\" data-element_type=\"widget\" data-e-type=\"widget\" data-widget_type=\"image.default\">\n\t\t\t\t\t\t\t\t\t\t\t\t\t\t\t<img decoding=\"async\" width=\"2560\" height=\"1396\" src=\"https:\/\/www.be.life\/wp-content\/uploads\/2025\/12\/Gemini_Generated_Image_cx9f11cx9f11cx9f-scaled.png\" class=\"attachment-full size-full wp-image-4401\" alt=\"\" srcset=\"https:\/\/www.be.life\/wp-content\/uploads\/2025\/12\/Gemini_Generated_Image_cx9f11cx9f11cx9f-scaled.png 2560w, https:\/\/www.be.life\/wp-content\/uploads\/2025\/12\/Gemini_Generated_Image_cx9f11cx9f11cx9f-300x164.png 300w, https:\/\/www.be.life\/wp-content\/uploads\/2025\/12\/Gemini_Generated_Image_cx9f11cx9f11cx9f-1024x559.png 1024w, https:\/\/www.be.life\/wp-content\/uploads\/2025\/12\/Gemini_Generated_Image_cx9f11cx9f11cx9f-768x419.png 768w, https:\/\/www.be.life\/wp-content\/uploads\/2025\/12\/Gemini_Generated_Image_cx9f11cx9f11cx9f-1536x838.png 1536w, https:\/\/www.be.life\/wp-content\/uploads\/2025\/12\/Gemini_Generated_Image_cx9f11cx9f11cx9f-2048x1117.png 2048w, https:\/\/www.be.life\/wp-content\/uploads\/2025\/12\/Gemini_Generated_Image_cx9f11cx9f11cx9f-600x327.png 600w\" sizes=\"(max-width: 2560px) 100vw, 2560px\" \/>\t\t\t\t\t\t\t\t\t\t\t\t\t\t\t<\/div>\n\t\t\t\t<div class=\"elementor-element elementor-element-a106e96 elementor-widget elementor-widget-text-editor\" data-id=\"a106e96\" data-element_type=\"widget\" data-e-type=\"widget\" data-widget_type=\"text-editor.default\">\n\t\t\t\t\t\t\t\t\t<p>Als naturheilkundliche Ern\u00e4hrungsberaterin folge ich den naturheilkundlichen Grunds\u00e4tzen und behandle jeden Menschen als Individuum, das seinen eigenen, individuellen Ern\u00e4hrungsansatz f\u00fcr seine Gesundheit ben\u00f6tigt. Ich unterst\u00fctze meine Kunden auf ihrem Weg zur Gesundheit, indem ich: <\/p><p>Verstehen und Finden der Ursache der Symptome einer Person<\/p><p>Entgiftung &amp; Reinigung des Systems<\/p><p>Reparieren Sie das System, bauen Sie es um und bringen Sie es wieder ins Gleichgewicht.<\/p><p>Vollwertige &amp; biologische Lebensmittel als Medizin verwenden<\/p><p>Verwendung von Kr\u00e4utern, Hom\u00f6opathie, Gewebesalzen und Nahrungserg\u00e4nzungsmitteln als unterst\u00fctzende Medizin<\/p><p>Bachbl\u00fcten als Mittel zur emotionalen Unterst\u00fctzung verwenden<\/p>\t\t\t\t\t\t\t\t<\/div>\n\t\t\t\t<\/div>\n\t\t<div class=\"elementor-element elementor-element-8755b18 e-con-full e-flex e-con e-child\" data-id=\"8755b18\" data-element_type=\"container\" data-e-type=\"container\">\n\t\t\t\t<div class=\"elementor-element elementor-element-b699e1e elementor-widget elementor-widget-heading\" data-id=\"b699e1e\" data-element_type=\"widget\" data-e-type=\"widget\" data-widget_type=\"heading.default\">\n\t\t\t\t\t<h2 class=\"elementor-heading-title elementor-size-default\">Lernen Sie<\/h2>\t\t\t\t<\/div>\n\t\t\t\t<div class=\"elementor-element elementor-element-485e600 elementor-widget elementor-widget-image\" data-id=\"485e600\" data-element_type=\"widget\" data-e-type=\"widget\" data-widget_type=\"image.default\">\n\t\t\t\t\t\t\t\t\t\t\t\t\t\t\t<img decoding=\"async\" width=\"1024\" height=\"1024\" src=\"https:\/\/www.be.life\/wp-content\/uploads\/2025\/12\/Gemini_Generated_Image_gx7le6gx7le6gx7l.png\" class=\"attachment-full size-full wp-image-4402\" alt=\"\" srcset=\"https:\/\/www.be.life\/wp-content\/uploads\/2025\/12\/Gemini_Generated_Image_gx7le6gx7le6gx7l.png 1024w, https:\/\/www.be.life\/wp-content\/uploads\/2025\/12\/Gemini_Generated_Image_gx7le6gx7le6gx7l-300x300.png 300w, https:\/\/www.be.life\/wp-content\/uploads\/2025\/12\/Gemini_Generated_Image_gx7le6gx7le6gx7l-150x150.png 150w, https:\/\/www.be.life\/wp-content\/uploads\/2025\/12\/Gemini_Generated_Image_gx7le6gx7le6gx7l-768x768.png 768w, https:\/\/www.be.life\/wp-content\/uploads\/2025\/12\/Gemini_Generated_Image_gx7le6gx7le6gx7l-600x600.png 600w, https:\/\/www.be.life\/wp-content\/uploads\/2025\/12\/Gemini_Generated_Image_gx7le6gx7le6gx7l-100x100.png 100w\" sizes=\"(max-width: 1024px) 100vw, 1024px\" \/>\t\t\t\t\t\t\t\t\t\t\t\t\t\t\t<\/div>\n\t\t\t\t<div class=\"elementor-element elementor-element-398f847 elementor-widget elementor-widget-text-editor\" data-id=\"398f847\" data-element_type=\"widget\" data-e-type=\"widget\" data-widget_type=\"text-editor.default\">\n\t\t\t\t\t\t\t\t\t<p>Was ist Verdauung?<\/p><p>Es ist der Abbau und die Aufnahme von N\u00e4hrstoffen und die Bildung von Abfallstoffen. Das Verdauungssystem beginnt im Mund, folgt auf den Magen, den D\u00fcnndarm und den Dickdarm. Es umfasst die Gallenblase, die Bauchspeicheldr\u00fcse und die Leber. Es ist das wichtigste System im K\u00f6rper f\u00fcr die naturheilkundliche Ern\u00e4hrung. Wenn das Verdauungssystem nicht richtig funktioniert, k\u00f6nnen die N\u00e4hrstoffe nicht aufgenommen werden.    <\/p><p>Was sind Phyton\u00e4hrstoffe?<\/p><p>Phytochemikalien sind chemische Verbindungen, die von Pflanzen produziert werden und f\u00fcr die menschliche Gesundheit von Nutzen sind. Verschiedene Pflanzen und ihre Eigenschaften n\u00e4hren uns nicht nur, sondern helfen mit ihren hochgradig therapeutischen Eigenschaften auch, Krankheiten zu verhindern. Es gibt \u00fcber 25.000 verschiedene Phyton\u00e4hrstoffe. Wir brauchen Phyton\u00e4hrstoffe, um zu \u00fcberleben.   <\/p>\t\t\t\t\t\t\t\t<\/div>\n\t\t\t\t<\/div>\n\t\t\t\t\t<\/div>\n\t\t\t\t<\/div>\n\t\t<div class=\"elementor-element elementor-element-6af4019 e-flex e-con-boxed e-con e-parent\" data-id=\"6af4019\" data-element_type=\"container\" data-e-type=\"container\">\n\t\t\t\t\t<div class=\"e-con-inner\">\n\t\t<div class=\"elementor-element elementor-element-0e12513 e-con-full e-flex e-con e-child\" data-id=\"0e12513\" data-element_type=\"container\" data-e-type=\"container\">\n\t\t\t\t<div class=\"elementor-element elementor-element-9e7e895 elementor-widget elementor-widget-heading\" data-id=\"9e7e895\" data-element_type=\"widget\" data-e-type=\"widget\" data-widget_type=\"heading.default\">\n\t\t\t\t\t<h2 class=\"elementor-heading-title elementor-size-default\">Erster Kontakt<\/h2>\t\t\t\t<\/div>\n\t\t\t\t<div class=\"elementor-element elementor-element-53e9351 elementor-widget elementor-widget-image\" data-id=\"53e9351\" data-element_type=\"widget\" data-e-type=\"widget\" data-widget_type=\"image.default\">\n\t\t\t\t\t\t\t\t\t\t\t\t\t\t\t<img decoding=\"async\" width=\"1024\" height=\"1024\" src=\"https:\/\/www.be.life\/wp-content\/uploads\/2025\/12\/Gemini_Generated_Image_ywaubaywaubaywau.png\" class=\"attachment-full size-full wp-image-4403\" alt=\"\" srcset=\"https:\/\/www.be.life\/wp-content\/uploads\/2025\/12\/Gemini_Generated_Image_ywaubaywaubaywau.png 1024w, https:\/\/www.be.life\/wp-content\/uploads\/2025\/12\/Gemini_Generated_Image_ywaubaywaubaywau-300x300.png 300w, https:\/\/www.be.life\/wp-content\/uploads\/2025\/12\/Gemini_Generated_Image_ywaubaywaubaywau-150x150.png 150w, https:\/\/www.be.life\/wp-content\/uploads\/2025\/12\/Gemini_Generated_Image_ywaubaywaubaywau-768x768.png 768w, https:\/\/www.be.life\/wp-content\/uploads\/2025\/12\/Gemini_Generated_Image_ywaubaywaubaywau-600x600.png 600w, https:\/\/www.be.life\/wp-content\/uploads\/2025\/12\/Gemini_Generated_Image_ywaubaywaubaywau-100x100.png 100w\" sizes=\"(max-width: 1024px) 100vw, 1024px\" \/>\t\t\t\t\t\t\t\t\t\t\t\t\t\t\t<\/div>\n\t\t\t\t<div class=\"elementor-element elementor-element-6169980 elementor-widget elementor-widget-text-editor\" data-id=\"6169980\" data-element_type=\"widget\" data-e-type=\"widget\" data-widget_type=\"text-editor.default\">\n\t\t\t\t\t\t\t\t\t<p>Nehmen Sie Kontakt mit uns auf, um Ihre Anliegen zu besprechen. Sobald wir eine klare Vorstellung davon haben, was Sie erreichen m\u00f6chten, k\u00f6nnen wir ein erstes pers\u00f6nliches Beratungsgespr\u00e4ch vereinbaren oder Sie f\u00fcr einen unserer einzigartigen Kurse anmelden. <\/p>\t\t\t\t\t\t\t\t<\/div>\n\t\t\t\t<\/div>\n\t\t<div class=\"elementor-element elementor-element-4e612e4 e-con-full e-flex e-con e-child\" data-id=\"4e612e4\" data-element_type=\"container\" data-e-type=\"container\">\n\t\t\t\t<div class=\"elementor-element elementor-element-38b4226 elementor-widget elementor-widget-heading\" data-id=\"38b4226\" data-element_type=\"widget\" data-e-type=\"widget\" data-widget_type=\"heading.default\">\n\t\t\t\t\t<h2 class=\"elementor-heading-title elementor-size-default\">Private Erstkonsultation<\/h2>\t\t\t\t<\/div>\n\t\t\t\t<div class=\"elementor-element elementor-element-f16f308 elementor-widget elementor-widget-image\" data-id=\"f16f308\" data-element_type=\"widget\" data-e-type=\"widget\" data-widget_type=\"image.default\">\n\t\t\t\t\t\t\t\t\t\t\t\t\t\t\t<img decoding=\"async\" width=\"1024\" height=\"1024\" src=\"https:\/\/www.be.life\/wp-content\/uploads\/2025\/12\/Gemini_Generated_Image_oo58fioo58fioo58.png\" class=\"attachment-full size-full wp-image-4404\" alt=\"\" srcset=\"https:\/\/www.be.life\/wp-content\/uploads\/2025\/12\/Gemini_Generated_Image_oo58fioo58fioo58.png 1024w, https:\/\/www.be.life\/wp-content\/uploads\/2025\/12\/Gemini_Generated_Image_oo58fioo58fioo58-300x300.png 300w, https:\/\/www.be.life\/wp-content\/uploads\/2025\/12\/Gemini_Generated_Image_oo58fioo58fioo58-150x150.png 150w, https:\/\/www.be.life\/wp-content\/uploads\/2025\/12\/Gemini_Generated_Image_oo58fioo58fioo58-768x768.png 768w, https:\/\/www.be.life\/wp-content\/uploads\/2025\/12\/Gemini_Generated_Image_oo58fioo58fioo58-600x600.png 600w, https:\/\/www.be.life\/wp-content\/uploads\/2025\/12\/Gemini_Generated_Image_oo58fioo58fioo58-100x100.png 100w\" sizes=\"(max-width: 1024px) 100vw, 1024px\" \/>\t\t\t\t\t\t\t\t\t\t\t\t\t\t\t<\/div>\n\t\t\t\t<div class=\"elementor-element elementor-element-f8e619a elementor-widget elementor-widget-text-editor\" data-id=\"f8e619a\" data-element_type=\"widget\" data-e-type=\"widget\" data-widget_type=\"text-editor.default\">\n\t\t\t\t\t\t\t\t\t<p>W\u00e4hrend Ihres ersten Beratungsgespr\u00e4chs wird Ihnen Ihr Arzt einige Fragen stellen und Ihre Krankengeschichte aufschreiben, damit er sich einen umfassenden \u00dcberblick dar\u00fcber verschaffen kann, welche Therapien f\u00fcr Sie am besten geeignet sind.<\/p>\t\t\t\t\t\t\t\t<\/div>\n\t\t\t\t<\/div>\n\t\t<div class=\"elementor-element elementor-element-3c92631 e-con-full e-flex e-con e-child\" data-id=\"3c92631\" data-element_type=\"container\" data-e-type=\"container\">\n\t\t\t\t<div class=\"elementor-element elementor-element-74834d4 elementor-widget elementor-widget-heading\" data-id=\"74834d4\" data-element_type=\"widget\" data-e-type=\"widget\" data-widget_type=\"heading.default\">\n\t\t\t\t\t<h2 class=\"elementor-heading-title elementor-size-default\">Behandlungsplan<\/h2>\t\t\t\t<\/div>\n\t\t\t\t<div class=\"elementor-element elementor-element-39e55ac elementor-widget elementor-widget-image\" data-id=\"39e55ac\" data-element_type=\"widget\" data-e-type=\"widget\" data-widget_type=\"image.default\">\n\t\t\t\t\t\t\t\t\t\t\t\t\t\t\t<img decoding=\"async\" width=\"1024\" height=\"1024\" src=\"https:\/\/www.be.life\/wp-content\/uploads\/2025\/12\/Gemini_Generated_Image_35ur7j35ur7j35ur.png\" class=\"attachment-full size-full wp-image-4405\" alt=\"\" srcset=\"https:\/\/www.be.life\/wp-content\/uploads\/2025\/12\/Gemini_Generated_Image_35ur7j35ur7j35ur.png 1024w, https:\/\/www.be.life\/wp-content\/uploads\/2025\/12\/Gemini_Generated_Image_35ur7j35ur7j35ur-300x300.png 300w, https:\/\/www.be.life\/wp-content\/uploads\/2025\/12\/Gemini_Generated_Image_35ur7j35ur7j35ur-150x150.png 150w, https:\/\/www.be.life\/wp-content\/uploads\/2025\/12\/Gemini_Generated_Image_35ur7j35ur7j35ur-768x768.png 768w, https:\/\/www.be.life\/wp-content\/uploads\/2025\/12\/Gemini_Generated_Image_35ur7j35ur7j35ur-600x600.png 600w, https:\/\/www.be.life\/wp-content\/uploads\/2025\/12\/Gemini_Generated_Image_35ur7j35ur7j35ur-100x100.png 100w\" sizes=\"(max-width: 1024px) 100vw, 1024px\" \/>\t\t\t\t\t\t\t\t\t\t\t\t\t\t\t<\/div>\n\t\t\t\t<div class=\"elementor-element elementor-element-931600a elementor-widget elementor-widget-text-editor\" data-id=\"931600a\" data-element_type=\"widget\" data-e-type=\"widget\" data-widget_type=\"text-editor.default\">\n\t\t\t\t\t\t\t\t\t<p>Nach Ihrer Konsultation stellt Ihnen Ihr Therapeut einen 4-6-w\u00f6chigen Plan zusammen, den Sie befolgen k\u00f6nnen. Je nach Ihren Zielen werden Sie eine Folgesitzung haben, um Ihre Fortschritte zu \u00fcberwachen. Sobald Sie Teil der Be: Familie geworden sind, erhalten Sie kontinuierliche Unterst\u00fctzung und Beratung.  <\/p>\t\t\t\t\t\t\t\t<\/div>\n\t\t\t\t<\/div>\n\t\t\t\t\t<\/div>\n\t\t\t\t<\/div>\n\t\t<div class=\"elementor-element elementor-element-01b978b e-flex e-con-boxed e-con e-parent\" data-id=\"01b978b\" data-element_type=\"container\" data-e-type=\"container\">\n\t\t\t\t\t<div class=\"e-con-inner\">\n\t\t\t\t<div class=\"elementor-element elementor-element-61dda32 elementor-widget elementor-widget-image\" data-id=\"61dda32\" data-element_type=\"widget\" data-e-type=\"widget\" data-widget_type=\"image.default\">\n\t\t\t\t\t\t\t\t\t\t\t\t\t\t\t<img decoding=\"async\" width=\"1024\" height=\"1024\" src=\"https:\/\/www.be.life\/wp-content\/uploads\/2025\/12\/Gemini_Generated_Image_1dzqdm1dzqdm1dzq.png\" class=\"attachment-full size-full wp-image-4406\" alt=\"\" srcset=\"https:\/\/www.be.life\/wp-content\/uploads\/2025\/12\/Gemini_Generated_Image_1dzqdm1dzqdm1dzq.png 1024w, https:\/\/www.be.life\/wp-content\/uploads\/2025\/12\/Gemini_Generated_Image_1dzqdm1dzqdm1dzq-300x300.png 300w, https:\/\/www.be.life\/wp-content\/uploads\/2025\/12\/Gemini_Generated_Image_1dzqdm1dzqdm1dzq-150x150.png 150w, https:\/\/www.be.life\/wp-content\/uploads\/2025\/12\/Gemini_Generated_Image_1dzqdm1dzqdm1dzq-768x768.png 768w, https:\/\/www.be.life\/wp-content\/uploads\/2025\/12\/Gemini_Generated_Image_1dzqdm1dzqdm1dzq-600x600.png 600w, https:\/\/www.be.life\/wp-content\/uploads\/2025\/12\/Gemini_Generated_Image_1dzqdm1dzqdm1dzq-100x100.png 100w\" sizes=\"(max-width: 1024px) 100vw, 1024px\" \/>\t\t\t\t\t\t\t\t\t\t\t\t\t\t\t<\/div>\n\t\t\t\t<div class=\"elementor-element elementor-element-27390e6 elementor-widget elementor-widget-text-editor\" data-id=\"27390e6\" data-element_type=\"widget\" data-e-type=\"widget\" data-widget_type=\"text-editor.default\">\n\t\t\t\t\t\t\t\t\t<ul><li>N\u00e4hrstoff: Eine Substanz, die Nahrung liefert, die f\u00fcr das Wachstum und die Aufrechterhaltung des Lebens wichtig ist.<\/li><li>Nahrung: Die f\u00fcr Wachstum, Gesundheit und Wohlbefinden notwendige Nahrung oder andere Substanzen<\/li><li>Nahrung: Eine nahrhafte Substanz, die Menschen oder Tiere essen \/ trinken oder die Pflanzen aufnehmen, um Leben und Wachstum zu erhalten.<\/li><li>Vollwertige Lebensmittel: Lebensmittel, die nicht verarbeitet\/raffiniert wurden und frei von Zusatzstoffen oder anderen k\u00fcnstlichen Substanzen sind.<\/li><li>Bio-Lebensmittel: Lebensmittel, die frei von D\u00fcngemitteln, Pestiziden, Bestrahlung, GVO, Wachstumshormonen und Viehfutterzus\u00e4tzen sind.<\/li><\/ul>\t\t\t\t\t\t\t\t<\/div>\n\t\t\t\t\t<\/div>\n\t\t\t\t<\/div>\n\t\t\t\t<\/div>\n\t\t","protected":false},"excerpt":{"rendered":"<p>Naturheilkundliche Ern\u00e4hrungstherapie Ein ganzheitliches System, das den Menschen in seiner Gesamtheit betrachtet, indem es Krankheiten mit nat\u00fcrlichen Methoden wie Ern\u00e4hrung, Bewegung, Lebensstil und Behandlungen wie Kr\u00e4utermedizin und Hom\u00f6opathie mit dem Prozess der Bereitstellung oder Beschaffung der f\u00fcr Gesundheit und Wachstum notwendigen Nahrung behandelt. H\u00f6ren Sie Haben Sie das Gef\u00fchl, dass Sie bei optimaler Gesundheit sind? [&hellip;]<\/p>\n","protected":false},"author":1,"featured_media":0,"parent":0,"menu_order":0,"comment_status":"closed","ping_status":"closed","template":"","meta":{"footnotes":""},"class_list":["post-4394","page","type-page","status-publish","hentry"],"_links":{"self":[{"href":"https:\/\/www.be.life\/de\/wp-json\/wp\/v2\/pages\/4394","targetHints":{"allow":["GET"]}}],"collection":[{"href":"https:\/\/www.be.life\/de\/wp-json\/wp\/v2\/pages"}],"about":[{"href":"https:\/\/www.be.life\/de\/wp-json\/wp\/v2\/types\/page"}],"author":[{"embeddable":true,"href":"https:\/\/www.be.life\/de\/wp-json\/wp\/v2\/users\/1"}],"replies":[{"embeddable":true,"href":"https:\/\/www.be.life\/de\/wp-json\/wp\/v2\/comments?post=4394"}],"version-history":[{"count":1,"href":"https:\/\/www.be.life\/de\/wp-json\/wp\/v2\/pages\/4394\/revisions"}],"predecessor-version":[{"id":4407,"href":"https:\/\/www.be.life\/de\/wp-json\/wp\/v2\/pages\/4394\/revisions\/4407"}],"wp:attachment":[{"href":"https:\/\/www.be.life\/de\/wp-json\/wp\/v2\/media?parent=4394"}],"curies":[{"name":"wp","href":"https:\/\/api.w.org\/{rel}","templated":true}]}}